{"id":4075,"date":"2025-12-12T12:02:08","date_gmt":"2025-12-12T11:02:08","guid":{"rendered":"https:\/\/skiddis.se\/integritetspolicy-2\/"},"modified":"2026-03-16T10:46:05","modified_gmt":"2026-03-16T09:46:05","slug":"integritetspolicy","status":"publish","type":"page","link":"https:\/\/skiddis.se\/en\/integritetspolicy\/","title":{"rendered":"Privacy policy"},"content":{"rendered":"<div data-elementor-type=\"wp-page\" data-elementor-id=\"4075\" class=\"elementor elementor-4075\" data-elementor-post-type=\"page\">\n\t\t\t\t<section class=\"elementor-element elementor-element-99c61bb e-con-full e-flex e-con e-parent\" data-id=\"99c61bb\" data-element_type=\"container\" data-settings=\"{&quot;background_background&quot;:&quot;classic&quot;}\" data-no-translation=\"\">\n\t\t<div class=\"elementor-element elementor-element-5fb52ce e-con-full e-flex e-con e-child\" data-id=\"5fb52ce\" data-element_type=\"container\">\n\t\t\t\t<div class=\"elementor-element elementor-element-9cbe4fd elementor-widget elementor-widget-heading\" data-id=\"9cbe4fd\" data-element_type=\"widget\" data-widget_type=\"heading.default\">\n\t\t\t\t<div class=\"elementor-widget-container\">\n\t\t\t\t\t<h2 class=\"elementor-heading-title elementor-size-default\">Privacy Policy<\/h2>\t\t\t\t<\/div>\n\t\t\t\t<\/div>\n\t\t\t\t<div class=\"elementor-element elementor-element-11629c8 elementor-widget elementor-widget-text-editor\" data-id=\"11629c8\" data-element_type=\"widget\" data-widget_type=\"text-editor.default\">\n\t\t\t\t<div class=\"elementor-widget-container\">\n\t\t\t\t\t\t\t\t\t<section class=\"elementor-section elementor-top-section elementor-element elementor-element-e52ae1c elementor-section-boxed elementor-section-height-default elementor-section-height-default\" data-id=\"e52ae1c\" data-element_type=\"section\">\n<div class=\"elementor-container elementor-column-gap-default\">\n<div class=\"elementor-column elementor-col-100 elementor-top-column elementor-element elementor-element-6591666\" data-id=\"6591666\" data-element_type=\"column\">\n<div class=\"elementor-widget-wrap elementor-element-populated\">\n<div class=\"elementor-element elementor-element-6e699ed elementor-widget elementor-widget-text-editor\" data-id=\"6e699ed\" data-element_type=\"widget\" data-widget_type=\"text-editor.default\">\n<div class=\"elementor-widget-container\">\n<h3>Privacy Protection<\/h3>\n<p data-path-to-node=\"5\">SKIDDIS OF SWEDEN is committed to protecting the privacy of individuals using its website and the confidentiality of the personal information provided, in accordance with the following rules:<\/p>\n<ul data-path-to-node=\"6\">\n<li>\n<p data-path-to-node=\"6,0,0\">Regulation (EU) 2016\/679 of the European Parliament and of the Council of April 27, 2016 (General Data Protection Regulation &#8211; GDPR).<\/p>\n<\/li>\n<li>\n<p data-path-to-node=\"6,1,0\">Where applicable, texts adopted within the European Union and local laws applicable to personal data processed in the context of SKIDDIS OF SWEDEN&#8217;s activities.<\/p>\n<\/li>\n<li>\n<p data-path-to-node=\"6,2,0\">Texts and decisions issued by independent European supervisory authorities.<\/p>\n<\/li>\n<li>\n<p data-path-to-node=\"6,3,0\">Any legislation related to privacy and professional secrecy.<\/p>\n<\/li>\n<\/ul>\n<ol>\n<li><a href=\"https:\/\/skiddis.com\/politique-de-confidentialite\/#protectionvieprivee1\">Identity of data controller<\/a><\/li>\n<li><a href=\"https:\/\/skiddis.com\/politique-de-confidentialite\/#protectionvieprivee2\">Collection and hosting of\u00a0 your data<\/a><\/li>\n<li><a href=\"https:\/\/skiddis.com\/politique-de-confidentialite\/#protectionvieprivee3\">Data security<\/a><\/li>\n<li><a href=\"https:\/\/skiddis.com\/politique-de-confidentialite\/#protectionvieprivee4\">Your rights<\/a><\/li>\n<\/ol>\n<\/div>\n<\/div>\n<div class=\"elementor-element elementor-element-e969928 elementor-widget elementor-widget-menu-anchor\" data-id=\"e969928\" data-element_type=\"widget\" data-widget_type=\"menu-anchor.default\">\n<div class=\"elementor-widget-container\">\n<div id=\"protectionvieprivee1\" class=\"elementor-menu-anchor\">\u00a0<\/div>\n<\/div>\n<\/div>\n<\/div>\n<\/div>\n<\/div>\n<\/section>\n<section class=\"elementor-section elementor-top-section elementor-element elementor-element-5f4e24d elementor-section-boxed elementor-section-height-default elementor-section-height-default\" data-id=\"5f4e24d\" data-element_type=\"section\">\n<div class=\"elementor-container elementor-column-gap-default\">\n<div class=\"elementor-column elementor-col-100 elementor-top-column elementor-element elementor-element-8f03e60\" data-id=\"8f03e60\" data-element_type=\"column\">\n<div class=\"elementor-widget-wrap elementor-element-populated\">\n<div class=\"elementor-element elementor-element-b971d94 elementor-widget elementor-widget-text-editor\" data-id=\"b971d94\" data-element_type=\"widget\" data-widget_type=\"text-editor.default\">\n<div class=\"elementor-widget-container\">\n<h3><b><strong>1. IDENTITY OF THE DATA CONTROLLER<\/strong><\/b><\/h3>\n<p>The processing of your personal data is implemented by: <b data-path-to-node=\"9\" data-index-in-node=\"56\">SKIDDIS OF SWEDEN AB<\/b> Registered Office: Bergmov\u00e4gen 4, 146 38 Tullinge (Sweden) Swedish Trade Register: 559274-3289 Share capital: 50,000 SEK<\/p>\n<\/div>\n<\/div>\n<div class=\"elementor-element elementor-element-87a6ca5 elementor-widget elementor-widget-menu-anchor\" data-id=\"87a6ca5\" data-element_type=\"widget\" data-widget_type=\"menu-anchor.default\">\n<div class=\"elementor-widget-container\">\n<div id=\"protectionvieprivee2\" class=\"elementor-menu-anchor\">\u00a0<\/div>\n<\/div>\n<\/div>\n<\/div>\n<\/div>\n<\/div>\n<\/section>\n<section class=\"elementor-section elementor-top-section elementor-element elementor-element-08bd679 elementor-section-boxed elementor-section-height-default elementor-section-height-default\" data-id=\"08bd679\" data-element_type=\"section\">\n<div class=\"elementor-container elementor-column-gap-default\">\n<div class=\"elementor-column elementor-col-100 elementor-top-column elementor-element elementor-element-2eb752e\" data-id=\"2eb752e\" data-element_type=\"column\">\n<div class=\"elementor-widget-wrap elementor-element-populated\">\n<div class=\"elementor-element elementor-element-1b20e29 elementor-widget elementor-widget-text-editor\" data-id=\"1b20e29\" data-element_type=\"widget\" data-widget_type=\"text-editor.default\">\n<div class=\"elementor-widget-container\">\n<h3><b><strong>2. COLLECTION AND HOSTING OF YOUR DATA<\/strong><\/b><\/h3>\n<h4><b><strong>2.1. COLLECTION<\/strong><\/b><\/h4>\n<p data-path-to-node=\"12\">The personal information you provide when placing an order is used for the following purposes:<\/p>\n<ul data-path-to-node=\"13\">\n<li>\n<p data-path-to-node=\"13,0,0\"><b data-path-to-node=\"13,0,0\" data-index-in-node=\"0\">For the performance of the contract (to ensure the proper processing of your order):<\/b> Ordering, product delivery, invoicing, payment operations, order tracking information, after-sales service, and management of returns and refunds.<\/p>\n<\/li>\n<li>\n<p data-path-to-node=\"13,1,0\"><b data-path-to-node=\"13,1,0\" data-index-in-node=\"0\">Sharing information with business partners<\/b> required for the execution of the contract (e.g., delivery services).<\/p>\n<\/li>\n<li>\n<p data-path-to-node=\"13,2,0\"><b data-path-to-node=\"13,2,0\" data-index-in-node=\"0\">When you have given your consent:<\/b><\/p>\n<ul data-path-to-node=\"13,2,1\">\n<li>\n<p data-path-to-node=\"13,2,1,0,0\">Personalizing your browsing experience on our site.<\/p>\n<\/li>\n<li>\n<p data-path-to-node=\"13,2,1,1,0\">Sending SKIDDIS OF SWEDEN offers tailored to your tastes, notably via targeted email offers.<\/p>\n<\/li>\n<\/ul>\n<\/li>\n<li>\n<p data-path-to-node=\"13,3,0\"><b data-path-to-node=\"13,3,0\" data-index-in-node=\"0\">When it is in the legitimate interest of Skiddis of Sweden:<\/b><\/p>\n<ul data-path-to-node=\"13,3,1\">\n<li>\n<p data-path-to-node=\"13,3,1,0,0\">Fraud prevention.<\/p>\n<\/li>\n<li>\n<p data-path-to-node=\"13,3,1,1,0\">Customer knowledge and statistical studies: satisfaction surveys, analysis, and customer segmentation to improve our services.<\/p>\n<\/li>\n<\/ul>\n<\/li>\n<\/ul>\n<p data-path-to-node=\"14\">When you visit our site, we may request information through forms. Fields marked with an asterisk are required for SKIDDIS OF SWEDEN to provide the requested service. If not provided, we will be unable to process your request. Other information is optional.<\/p>\n<p>\u00a0<\/p>\n<h5><b><strong>2.2. DATA PROCESSORS<\/strong><\/b><\/h5>\n<p data-path-to-node=\"15\">Certain data may be securely communicated to technical partners (processors) contractually linked to SKIDDIS OF SWEDEN to perform tasks such as order execution, delivery, fraud prevention, payment processing, or satisfaction surveys. Our processors commit to:<\/p>\n<ul data-path-to-node=\"16\">\n<li>\n<p data-path-to-node=\"16,0,0\">Processing data solely for the purposes defined by SKIDDIS OF SWEDEN.<\/p>\n<\/li>\n<li>\n<p data-path-to-node=\"16,1,0\">Guaranteeing the confidentiality of the processed data.<\/p>\n<\/li>\n<li>\n<p data-path-to-node=\"16,2,0\">Ensuring that personnel authorized to handle data are subject to confidentiality obligations and receive proper data protection training.<\/p>\n<\/li>\n<\/ul>\n<h4><b><strong>2.3. DATA RECIPIENTS<\/strong><\/b><\/h4>\n<p>Only specifically authorized SKIDDIS OF SWEDEN personnel are entitled to process your personal data.<\/p>\n<h4><b><strong>2.4. DATA HOSTING<\/strong><\/b><\/h4>\n<p>our personal data is stored on secure servers located in <b data-path-to-node=\"18\" data-index-in-node=\"76\">France<\/b>. However, to operate certain services, data may transit through servers located worldwide. SKIDDIS OF SWEDEN takes appropriate measures to maintain the security of personal information during transfer, using Standard Contractual Clauses (as published by the European Commission).<\/p>\n<h4><strong>2.5 COOKIES<\/strong><\/h4>\n<p>If you leave a comment on our site, you may opt-in to saving your name, email address, and website in cookies for your convenience so that you do not have to fill in your details again for future comments. These cookies last for one year.<br \/>If you visit our login page (for administrative purposes), a temporary cookie will be set to determine if your browser accepts cookies; it contains no personal data and is discarded when you close your browser.<\/p>\n<h4><b><strong>2.6. DATA RETENTION PERIOD<\/strong><\/b><\/h4>\n<p data-path-to-node=\"20\">Skiddis of Sweden retains personal data for <b data-path-to-node=\"20\" data-index-in-node=\"71\">5 years<\/b> from:<\/p>\n<ul data-path-to-node=\"21\">\n<li>\n<p data-path-to-node=\"21,0,0\"><b data-path-to-node=\"21,0,0\" data-index-in-node=\"0\">For prospects<\/b> (no purchase made): the date of the last contact with the brand.<\/p>\n<\/li>\n<li>\n<p data-path-to-node=\"21,1,0\"><b data-path-to-node=\"21,1,0\" data-index-in-node=\"0\">For customers<\/b>: the date of the last purchase. Note: Certain documents (e.g., invoices) are kept for <b data-path-to-node=\"21,1,0\" data-index-in-node=\"100\">10 years<\/b> due to legal and accounting obligations. Comments and their metadata are retained indefinitely to allow for automatic approval of follow-up comments.<\/p>\n<\/li>\n<\/ul>\n<\/div>\n<\/div>\n<div class=\"elementor-element elementor-element-b84e2ee elementor-widget elementor-widget-menu-anchor\" data-id=\"b84e2ee\" data-element_type=\"widget\" data-widget_type=\"menu-anchor.default\">\n<div class=\"elementor-widget-container\">\n<div id=\"protectionvieprivee3\" class=\"elementor-menu-anchor\">\u00a0<\/div>\n<\/div>\n<\/div>\n<\/div>\n<\/div>\n<\/div>\n<\/section>\n<section class=\"elementor-section elementor-top-section elementor-element elementor-element-4cf1f24 elementor-section-boxed elementor-section-height-default elementor-section-height-default\" data-id=\"4cf1f24\" data-element_type=\"section\">\n<div class=\"elementor-container elementor-column-gap-default\">\n<div class=\"elementor-column elementor-col-100 elementor-top-column elementor-element elementor-element-c32aaab\" data-id=\"c32aaab\" data-element_type=\"column\">\n<div class=\"elementor-widget-wrap elementor-element-populated\">\n<div class=\"elementor-element elementor-element-83c4041 elementor-widget elementor-widget-text-editor\" data-id=\"83c4041\" data-element_type=\"widget\" data-widget_type=\"text-editor.default\">\n<div class=\"elementor-widget-container\">\n<h3><b><strong>3. DATA SECURITY<\/strong><\/b><\/h3>\n<h4><b><strong>3.1. FRAUD PREVENTION<\/strong><\/b><\/h4>\n<p>To ensure payment security and protect consumers, SKIDDIS OF SWEDEN may perform automated processing to verify orders. We reserve the right to cancel an order or request additional documentation if a transaction does not offer sufficient security guarantees.<\/p>\n<h4><b><strong>3.2. PAYMENT SECURITY<\/strong><\/b><\/h4>\n<p>We use the <b data-path-to-node=\"25\" data-index-in-node=\"33\">SSL (Secure Socket Layer)<\/b> protocol to guarantee a high level of protection for data collected on the Website. Payments are handled by our partner <b data-path-to-node=\"25\" data-index-in-node=\"179\">Stripe<\/b>, which is <b data-path-to-node=\"25\" data-index-in-node=\"196\">PCI Level 1 certified<\/b>. When you pay by card, our system connects in real-time with Stripe&#8217;s system. Your data is encrypted and stored on Stripe&#8217;s servers; it is <b data-path-to-node=\"25\" data-index-in-node=\"357\">never<\/b> transmitted to SKIDDIS OF SWEDEN&#8217;s servers. You may choose to save your card details for future purchases; this information is stored securely by Stripe according to PCI-DSS standards.<\/p>\n<\/div>\n<\/div>\n<div class=\"elementor-element elementor-element-0a46e7d elementor-widget elementor-widget-menu-anchor\" data-id=\"0a46e7d\" data-element_type=\"widget\" data-widget_type=\"menu-anchor.default\">\n<div class=\"elementor-widget-container\">\n<div id=\"protectionvieprivee4\" class=\"elementor-menu-anchor\">\u00a0<\/div>\n<\/div>\n<\/div>\n<\/div>\n<\/div>\n<\/div>\n<\/section>\n<section class=\"elementor-section elementor-top-section elementor-element elementor-element-2de7084 elementor-section-boxed elementor-section-height-default elementor-section-height-default\" data-id=\"2de7084\" data-element_type=\"section\">\n<div class=\"elementor-container elementor-column-gap-default\">\n<div class=\"elementor-column elementor-col-100 elementor-top-column elementor-element elementor-element-f0b72ab\" data-id=\"f0b72ab\" data-element_type=\"column\">\n<div class=\"elementor-widget-wrap elementor-element-populated\">\n<div class=\"elementor-element elementor-element-a333f0d elementor-widget elementor-widget-text-editor\" data-id=\"a333f0d\" data-element_type=\"widget\" data-widget_type=\"text-editor.default\">\n<div class=\"elementor-widget-container\">\n<h4><b><strong>4. YOUR RIGHTS<\/strong><\/b><\/h4>\n<ul>\n<li>\n<p data-path-to-node=\"28\">In accordance with the GDPR, you have the right to <b data-path-to-node=\"28\" data-index-in-node=\"51\">access, rectify, delete, and object<\/b> to the processing of your data for legitimate reasons. You also have the right to data portability and the right to be forgotten.<\/p>\n<p data-path-to-node=\"29\">To exercise these rights (subject to providing proof of identity), you may:<\/p>\n<ul data-path-to-node=\"30\">\n<li>\n<p data-path-to-node=\"30,0,0\">Contact us via our <span style=\"font-size: 16px;\">\u00ab\u00a0<\/span><a style=\"font-size: 16px; background-color: #ffffff;\" href=\"https:\/\/skiddis.com\/contact\">Contact form<\/a><span style=\"font-size: 16px;\"> \u00bb\u00a0<\/span><\/p>\n<\/li>\n<li>\n<p data-path-to-node=\"30,1,0\">Email us at: <strong>hello<\/strong><b data-path-to-node=\"30,1,0\" data-index-in-node=\"13\">@skiddis.com<\/b><\/p>\n<\/li>\n<\/ul>\n<p data-path-to-node=\"31\">Please include your full name, address, email, and if possible, your order number. If you request the deletion of your data, we may still retain it in our archives for the duration necessary to satisfy our legal, accounting, and tax obligations.\u00a0<\/p>\n<\/li>\n<\/ul>\n<\/div>\n<\/div>\n<\/div>\n<\/div>\n<\/div>\n<\/section>\t\t\t\t\t\t\t\t<\/div>\n\t\t\t\t<\/div>\n\t\t\t\t<\/div>\n\t\t\t\t<\/section>\n\t\t\t\t<\/div>","protected":false},"excerpt":{"rendered":"<p>Integritetspolicy Vilka vi \u00e4r V\u00e5r webbplatsadress \u00e4r: https:\/\/skiddis.se SKIDDIS OF SWEDEN AB, 146 38 TullingeOrganisationsnummer 559274-3289 Vi samlar in information [&hellip;]<\/p>","protected":false},"author":17,"featured_media":0,"parent":0,"menu_order":0,"comment_status":"closed","ping_status":"closed","template":"","meta":{"site-sidebar-layout":"default","site-content-layout":"","ast-site-content-layout":"default","site-content-style":"default","site-sidebar-style":"default","ast-global-header-display":"","ast-banner-title-visibility":"","ast-main-header-display":"","ast-hfb-above-header-display":"","ast-hfb-below-header-display":"","ast-hfb-mobile-header-display":"","site-post-title":"","ast-breadcrumbs-content":"","ast-featured-img":"","footer-sml-layout":"","ast-disable-related-posts":"","theme-transparent-header-meta":"","adv-header-id-meta":"","stick-header-meta":"","header-above-stick-meta":"","header-main-stick-meta":"","header-below-stick-meta":"","astra-migrate-meta-layouts":"default","ast-page-background-enabled":"default","ast-page-background-meta":{"desktop":{"background-color":"var(--ast-global-color-5)","background-image":"","background-repeat":"repeat","background-position":"center center","background-size":"auto","background-attachment":"scroll","background-type":"","background-media":"","overlay-type":"","overlay-color":"","overlay-opacity":"","overlay-gradient":""},"tablet":{"background-color":"","background-image":"","background-repeat":"repeat","background-position":"center center","background-size":"auto","background-attachment":"scroll","background-type":"","background-media":"","overlay-type":"","overlay-color":"","overlay-opacity":"","overlay-gradient":""},"mobile":{"background-color":"","background-image":"","background-repeat":"repeat","background-position":"center center","background-size":"auto","background-attachment":"scroll","background-type":"","background-media":"","overlay-type":"","overlay-color":"","overlay-opacity":"","overlay-gradient":""}},"ast-content-background-meta":{"desktop":{"background-color":"var(--ast-global-color-4)","background-image":"","background-repeat":"repeat","background-position":"center center","background-size":"auto","background-attachment":"scroll","background-type":"","background-media":"","overlay-type":"","overlay-color":"","overlay-opacity":"","overlay-gradient":""},"tablet":{"background-color":"var(--ast-global-color-4)","background-image":"","background-repeat":"repeat","background-position":"center center","background-size":"auto","background-attachment":"scroll","background-type":"","background-media":"","overlay-type":"","overlay-color":"","overlay-opacity":"","overlay-gradient":""},"mobile":{"background-color":"var(--ast-global-color-4)","background-image":"","background-repeat":"repeat","background-position":"center center","background-size":"auto","background-attachment":"scroll","background-type":"","background-media":"","overlay-type":"","overlay-color":"","overlay-opacity":"","overlay-gradient":""}},"footnotes":""},"class_list":["post-4075","page","type-page","status-publish","hentry"],"_links":{"self":[{"href":"https:\/\/skiddis.se\/en\/wp-json\/wp\/v2\/pages\/4075","targetHints":{"allow":["GET"]}}],"collection":[{"href":"https:\/\/skiddis.se\/en\/wp-json\/wp\/v2\/pages"}],"about":[{"href":"https:\/\/skiddis.se\/en\/wp-json\/wp\/v2\/types\/page"}],"author":[{"embeddable":true,"href":"https:\/\/skiddis.se\/en\/wp-json\/wp\/v2\/users\/17"}],"replies":[{"embeddable":true,"href":"https:\/\/skiddis.se\/en\/wp-json\/wp\/v2\/comments?post=4075"}],"version-history":[{"count":52,"href":"https:\/\/skiddis.se\/en\/wp-json\/wp\/v2\/pages\/4075\/revisions"}],"predecessor-version":[{"id":5404,"href":"https:\/\/skiddis.se\/en\/wp-json\/wp\/v2\/pages\/4075\/revisions\/5404"}],"wp:attachment":[{"href":"https:\/\/skiddis.se\/en\/wp-json\/wp\/v2\/media?parent=4075"}],"curies":[{"name":"wp","href":"https:\/\/api.w.org\/{rel}","templated":true}]}}