{"id":4078,"date":"2025-12-12T12:02:08","date_gmt":"2025-12-12T11:02:08","guid":{"rendered":"https:\/\/skiddis.se\/aterbetalnings-och-returpolicy\/"},"modified":"2026-03-10T11:12:48","modified_gmt":"2026-03-10T10:12:48","slug":"returpolicy","status":"publish","type":"page","link":"https:\/\/skiddis.se\/en\/returpolicy\/","title":{"rendered":"Refund and return policy"},"content":{"rendered":"<div data-elementor-type=\"wp-page\" data-elementor-id=\"4078\" class=\"elementor elementor-4078\" data-elementor-post-type=\"page\">\n\t\t\t\t<section class=\"elementor-element elementor-element-77e2ea5 e-con-full e-flex e-con e-parent\" data-id=\"77e2ea5\" data-element_type=\"container\" data-settings=\"{&quot;background_background&quot;:&quot;classic&quot;}\" data-no-translation=\"\">\n\t\t<div class=\"elementor-element elementor-element-8a89fef e-con-full e-flex e-con e-child\" data-id=\"8a89fef\" data-element_type=\"container\">\n\t\t\t\t<div class=\"elementor-element elementor-element-75fb64d elementor-widget elementor-widget-heading\" data-id=\"75fb64d\" data-element_type=\"widget\" data-widget_type=\"heading.default\">\n\t\t\t\t<div class=\"elementor-widget-container\">\n\t\t\t\t\t<h2 class=\"elementor-heading-title elementor-size-default\">Refund and Return Policy<\/h2>\t\t\t\t<\/div>\n\t\t\t\t<\/div>\n\t\t\t\t<div class=\"elementor-element elementor-element-74dee8d elementor-widget elementor-widget-text-editor\" data-id=\"74dee8d\" data-element_type=\"widget\" data-widget_type=\"text-editor.default\">\n\t\t\t\t<div class=\"elementor-widget-container\">\n\t\t\t\t\t\t\t\t\t<h3>Returns<\/h3>\n<p data-path-to-node=\"4\">You have <b data-path-to-node=\"4\" data-index-in-node=\"9\">30 days<\/b> from the receipt of your order to notify us of your withdrawal and return a Product. Products must not have been worn, washed, altered, or damaged, and must be returned intact with all original accessories and labels. To return a Product, simply contact us via email or our<a href=\"https:\/\/skiddis.se\/fr\/kontakta\/\">\u00a0<strong>contact form<\/strong><\/a>.<\/p>\n<p data-path-to-node=\"5\"><b data-path-to-node=\"5\" data-index-in-node=\"0\">Return shipping costs are your responsibility.<\/b> The eco-friendly packaging used to send your Products is designed to be reused for returns.<\/p>\n<p data-path-to-node=\"6\">We advise you to return Products using a <b data-path-to-node=\"6\" data-index-in-node=\"41\">tracked shipping service<\/b>. We do not accept returns sent to &#8221;service points&#8221; (parcel shops) or equivalent; returns must be delivered directly to our address. If a returned Product is not approved, it will be sent back to you at your expense.<\/p>\n<p data-path-to-node=\"7\"><b data-path-to-node=\"7\" data-index-in-node=\"0\">Return Address:<\/b> Skiddis of Sweden AB Bergmov\u00e4gen 4 146 38 Tullinge SWEDEN<\/p>\n<h3 data-path-to-node=\"8\"><b data-path-to-node=\"8\" data-index-in-node=\"0\">Unclaimed Packages<\/b><\/h3>\n<p data-path-to-node=\"9\">You have <b data-path-to-node=\"9\" data-index-in-node=\"9\">7 days<\/b> to collect your package before it is returned to us. For any uncollected package, a fee of <b data-path-to-node=\"9\" data-index-in-node=\"107\">\u20ac14.90<\/b> will be charged to cover shipping, handling, and return costs applied by carriers (PostNord, DHL, etc.).<\/p>\n<h3 data-path-to-node=\"10\"><b data-path-to-node=\"10\" data-index-in-node=\"0\">Refunds<\/b><\/h3>\n<p data-path-to-node=\"11\">Once your return is received and validated by our team, your refund will be processed. An email will be sent to confirm the refund. If a return is not accepted, we will contact you by email to explain the reason. Shipping costs are non-refundable, except in the case of an error on our part.<\/p>\n<p data-path-to-node=\"12\">The refund will be issued directly as a credit to the bank account associated with the card used at the time of purchase. Please note that it may take <b data-path-to-node=\"12\" data-index-in-node=\"151\">5\u201310 business days<\/b> for the refund to appear on your bank statement.<\/p>\n<h3 data-path-to-node=\"13\"><b data-path-to-node=\"13\" data-index-in-node=\"0\">Exchanges<\/b><\/h3>\n<p data-path-to-node=\"14\">Exchanges for a different size and\/or color are free of charge, with the exception of the return shipping costs for the original item, which remain your responsibility.<\/p>\n<h3 data-path-to-node=\"15\"><b data-path-to-node=\"15\" data-index-in-node=\"0\">Need help?<\/b><\/h3>\n<p data-path-to-node=\"16\">Please do not hesitate to <strong><a href=\"https:\/\/skiddis.se\/fr\/kontakta\/\">contacter us<\/a>.<\/strong><\/p>\n<p><!-- \/wp:paragraph --><\/p>\n<p><!-- wp:paragraph --><\/p>\n<p><!-- \/wp:paragraph --><\/p>\t\t\t\t\t\t\t\t<\/div>\n\t\t\t\t<\/div>\n\t\t\t\t<\/div>\n\t\t\t\t<\/section>\n\t\t\t\t<\/div>","protected":false},"excerpt":{"rendered":"<p>\u00c5terbetalnings- och returpolicy \u00d6ppet k\u00f6p och returer Efter mottagandet av er best\u00e4llning har ni \u00f6ppet k\u00f6p i 30 dagar.\u00a0 Varan [&hellip;]<\/p>","protected":false},"author":17,"featured_media":0,"parent":0,"menu_order":0,"comment_status":"closed","ping_status":"closed","template":"","meta":{"site-sidebar-layout":"default","site-content-layout":"","ast-site-content-layout":"default","site-content-style":"default","site-sidebar-style":"default","ast-global-header-display":"","ast-banner-title-visibility":"","ast-main-header-display":"","ast-hfb-above-header-display":"","ast-hfb-below-header-display":"","ast-hfb-mobile-header-display":"","site-post-title":"","ast-breadcrumbs-content":"","ast-featured-img":"","footer-sml-layout":"","ast-disable-related-posts":"","theme-transparent-header-meta":"","adv-header-id-meta":"","stick-header-meta":"","header-above-stick-meta":"","header-main-stick-meta":"","header-below-stick-meta":"","astra-migrate-meta-layouts":"default","ast-page-background-enabled":"default","ast-page-background-meta":{"desktop":{"background-color":"var(--ast-global-color-5)","background-image":"","background-repeat":"repeat","background-position":"center center","background-size":"auto","background-attachment":"scroll","background-type":"","background-media":"","overlay-type":"","overlay-color":"","overlay-opacity":"","overlay-gradient":""},"tablet":{"background-color":"","background-image":"","background-repeat":"repeat","background-position":"center center","background-size":"auto","background-attachment":"scroll","background-type":"","background-media":"","overlay-type":"","overlay-color":"","overlay-opacity":"","overlay-gradient":""},"mobile":{"background-color":"","background-image":"","background-repeat":"repeat","background-position":"center center","background-size":"auto","background-attachment":"scroll","background-type":"","background-media":"","overlay-type":"","overlay-color":"","overlay-opacity":"","overlay-gradient":""}},"ast-content-background-meta":{"desktop":{"background-color":"var(--ast-global-color-4)","background-image":"","background-repeat":"repeat","background-position":"center center","background-size":"auto","background-attachment":"scroll","background-type":"","background-media":"","overlay-type":"","overlay-color":"","overlay-opacity":"","overlay-gradient":""},"tablet":{"background-color":"var(--ast-global-color-4)","background-image":"","background-repeat":"repeat","background-position":"center center","background-size":"auto","background-attachment":"scroll","background-type":"","background-media":"","overlay-type":"","overlay-color":"","overlay-opacity":"","overlay-gradient":""},"mobile":{"background-color":"var(--ast-global-color-4)","background-image":"","background-repeat":"repeat","background-position":"center center","background-size":"auto","background-attachment":"scroll","background-type":"","background-media":"","overlay-type":"","overlay-color":"","overlay-opacity":"","overlay-gradient":""}},"footnotes":""},"class_list":["post-4078","page","type-page","status-publish","hentry"],"_links":{"self":[{"href":"https:\/\/skiddis.se\/en\/wp-json\/wp\/v2\/pages\/4078","targetHints":{"allow":["GET"]}}],"collection":[{"href":"https:\/\/skiddis.se\/en\/wp-json\/wp\/v2\/pages"}],"about":[{"href":"https:\/\/skiddis.se\/en\/wp-json\/wp\/v2\/types\/page"}],"author":[{"embeddable":true,"href":"https:\/\/skiddis.se\/en\/wp-json\/wp\/v2\/users\/17"}],"replies":[{"embeddable":true,"href":"https:\/\/skiddis.se\/en\/wp-json\/wp\/v2\/comments?post=4078"}],"version-history":[{"count":49,"href":"https:\/\/skiddis.se\/en\/wp-json\/wp\/v2\/pages\/4078\/revisions"}],"predecessor-version":[{"id":5374,"href":"https:\/\/skiddis.se\/en\/wp-json\/wp\/v2\/pages\/4078\/revisions\/5374"}],"wp:attachment":[{"href":"https:\/\/skiddis.se\/en\/wp-json\/wp\/v2\/media?parent=4078"}],"curies":[{"name":"wp","href":"https:\/\/api.w.org\/{rel}","templated":true}]}}