{"id":4121,"date":"2025-12-12T12:02:16","date_gmt":"2025-12-12T11:02:16","guid":{"rendered":"https:\/\/skiddis.se\/skiddis-hem\/"},"modified":"2026-03-04T21:46:19","modified_gmt":"2026-03-04T20:46:19","slug":"home","status":"publish","type":"page","link":"https:\/\/skiddis.se\/en\/","title":{"rendered":"Skiddis Hem"},"content":{"rendered":"<div data-elementor-type=\"wp-page\" data-elementor-id=\"4121\" class=\"elementor elementor-4121\" data-elementor-post-type=\"page\">\n\t\t\t\t<section class=\"elementor-element elementor-element-3f272c2c e-con-full e-flex e-con e-child\" data-id=\"3f272c2c\" data-element_type=\"container\" data-settings=\"{&quot;background_background&quot;:&quot;classic&quot;}\">\n\t\t<div class=\"elementor-element elementor-element-554fec51 e-flex e-con-boxed e-con e-child\" data-id=\"554fec51\" data-element_type=\"container\">\n\t\t\t\t\t<div class=\"e-con-inner\">\n\t\t<div class=\"elementor-element elementor-element-6631fc3d e-con-full e-flex e-con e-child\" data-id=\"6631fc3d\" data-element_type=\"container\">\n\t\t\t\t<div class=\"elementor-element elementor-element-3cef5c2d elementor-widget__width-initial elementor-widget-tablet__width-initial elementor-widget elementor-widget-heading\" data-id=\"3cef5c2d\" data-element_type=\"widget\" data-widget_type=\"heading.default\">\n\t\t\t\t<div class=\"elementor-widget-container\">\n\t\t\t\t\t<h1 class=\"elementor-heading-title elementor-size-default\">Sustainable shell pants for kids\nwho never want to go inside<\/h1>\t\t\t\t<\/div>\n\t\t\t\t<\/div>\n\t\t\t\t<div class=\"elementor-element elementor-element-c0eb3d7 elementor-widget__width-initial elementor-widget elementor-widget-text-editor\" data-id=\"c0eb3d7\" data-element_type=\"widget\" data-widget_type=\"text-editor.default\">\n\t\t\t\t<div class=\"elementor-widget-container\">\n\t\t\t\t\t\t\t\t\t<p>We do one thing, and we do it properly. \nHigh-performance shell pants made from recycled materials, designed for children who love spending time outdoors in the fresh air. Fully waterproof, highly durable and made for play in all weather conditions.<\/p>\t\t\t\t\t\t\t\t<\/div>\n\t\t\t\t<\/div>\n\t\t\t\t<div class=\"elementor-element elementor-element-4b17f131 elementor-widget elementor-widget-button\" data-id=\"4b17f131\" data-element_type=\"widget\" data-widget_type=\"button.default\">\n\t\t\t\t<div class=\"elementor-widget-container\">\n\t\t\t\t\t\t\t\t\t<div class=\"elementor-button-wrapper\">\n\t\t\t\t\t<a class=\"elementor-button elementor-button-link elementor-size-sm\" href=\"https:\/\/skiddis.se\/en\/skalbyxan\/\">\n\t\t\t\t\t\t<span class=\"elementor-button-content-wrapper\">\n\t\t\t\t\t\t\t\t\t<span class=\"elementor-button-text\">Learn more<\/span>\n\t\t\t\t\t<\/span>\n\t\t\t\t\t<\/a>\n\t\t\t\t<\/div>\n\t\t\t\t\t\t\t\t<\/div>\n\t\t\t\t<\/div>\n\t\t\t\t<\/div>\n\t\t\t\t\t<\/div>\n\t\t\t\t<\/div>\n\t\t\t\t<\/section>\n\t\t<section class=\"elementor-element elementor-element-73c50725 e-con-full e-flex e-con e-child\" data-id=\"73c50725\" data-element_type=\"container\" data-settings=\"{&quot;background_background&quot;:&quot;classic&quot;}\">\n\t\t<div class=\"elementor-element elementor-element-2777c102 e-con-full e-flex e-con e-child\" data-id=\"2777c102\" data-element_type=\"container\">\n\t\t\t\t<div class=\"elementor-element elementor-element-64c180ba elementor-widget elementor-widget-heading\" data-id=\"64c180ba\" data-element_type=\"widget\" data-widget_type=\"heading.default\">\n\t\t\t\t<div class=\"elementor-widget-container\">\n\t\t\t\t\t<h2 class=\"elementor-heading-title elementor-size-default\"><span class=\"elementor-heading-title elementor-size-default elementor-inline-editing pen\" data-elementor-setting-key=\"title\" data-pen-placeholder=\"Type Here...\" style=\"border: 0px;vertical-align: baseline;clear: both;line-height: 1.4em;font-family: Poppins, sans-serif;text-align: center\">Freedom to play - anywhere, anytime.<\/span><\/h2>\t\t\t\t<\/div>\n\t\t\t\t<\/div>\n\t\t\t\t<div class=\"elementor-element elementor-element-33b3ea10 elementor-widget elementor-widget-text-editor\" data-id=\"33b3ea10\" data-element_type=\"widget\" data-widget_type=\"text-editor.default\">\n\t\t\t\t<div class=\"elementor-widget-container\">\n\t\t\t\t\t\t\t\t\t<p>Skiddis shell pants are made for children who love to explore - just as natural in the muddy preschool playground as on a forest adventure, a rainy bike ride home, or winter play with sleds, slushy walks and skiing. Developed in Sweden and produced in Europe using European materials for shorter transport distances and higher quality. \nWe have created shell pants that stand up to rain and slush and let children play freely: a reliable companion in all weather, for both small and big adventures.<\/p>\t\t\t\t\t\t\t\t<\/div>\n\t\t\t\t<\/div>\n\t\t\t\t<\/div>\n\t\t<div class=\"elementor-element elementor-element-651e9f3f e-flex e-con-boxed e-con e-child\" data-id=\"651e9f3f\" data-element_type=\"container\">\n\t\t\t\t\t<div class=\"e-con-inner\">\n\t\t<div class=\"elementor-element elementor-element-16639c1 e-con-full e-flex e-con e-child\" data-id=\"16639c1\" data-element_type=\"container\">\n\t\t<div class=\"elementor-element elementor-element-56e29c6e e-con-full e-flex e-con e-child\" data-id=\"56e29c6e\" data-element_type=\"container\">\n\t\t\t\t<div class=\"elementor-element elementor-element-13a29ac1 elementor-view-default elementor-widget elementor-widget-icon\" data-id=\"13a29ac1\" data-element_type=\"widget\" data-widget_type=\"icon.default\">\n\t\t\t\t<div class=\"elementor-widget-container\">\n\t\t\t\t\t\t\t<div class=\"elementor-icon-wrapper\">\n\t\t\t<div class=\"elementor-icon\">\n\t\t\t<svg xmlns=\"http:\/\/www.w3.org\/2000\/svg\" width=\"68\" height=\"79\" viewbox=\"0 0 68 79\" fill=\"none\"><path d=\"M34.5078 43.6562L1.5 59.9063L34.5078 77.1719L66.5 59.9063L34.5078 43.6562Z\" fill=\"#FFFEF7\" stroke=\"black\" stroke-width=\"3\" stroke-linecap=\"round\" stroke-linejoin=\"round\"><\/path><path d=\"M34.5078 34.5156L1.5 50.7656L34.5078 68.0313L66.5 50.7656L34.5078 34.5156Z\" fill=\"#FFFEF7\" stroke=\"black\" stroke-width=\"3\" stroke-linecap=\"round\" stroke-linejoin=\"round\"><\/path><path d=\"M34.5078 25.375L1.5 41.625L34.5078 58.8906L66.5 41.625L34.5078 25.375Z\" fill=\"#FFFEF7\" stroke=\"black\" stroke-width=\"3\" stroke-linecap=\"round\" stroke-linejoin=\"round\"><\/path><path d=\"M28.0241 11.5839C28.3256 10.4637 32.341 4.04688 34.2405 1C36.1399 4.04688 39.5457 10.4885 39.9388 11.5839C40.4569 13.0271 39.9388 19.2813 34.2405 19.2813C28.5421 19.2813 27.5061 13.5082 28.0241 11.5839Z\" stroke=\"black\" stroke-width=\"2\" stroke-linecap=\"round\" stroke-linejoin=\"round\"><\/path><path d=\"M8.72721 11.5839C9.02873 10.4637 13.0442 4.04688 14.9436 1C16.8431 4.04688 20.2488 10.4885 20.642 11.5839C21.16 13.0271 20.642 19.2813 14.9436 19.2813C9.24527 19.2813 8.20921 13.5082 8.72721 11.5839Z\" stroke=\"black\" stroke-width=\"2\" stroke-linecap=\"round\" stroke-linejoin=\"round\"><\/path><path d=\"M47.321 11.5839C47.6225 10.4637 51.6379 4.04688 53.5374 1C55.4368 4.04688 58.8426 10.4885 59.2357 11.5839C59.7537 13.0271 59.2357 19.2813 53.5374 19.2813C47.839 19.2813 46.803 13.5082 47.321 11.5839Z\" stroke=\"black\" stroke-width=\"2\" stroke-linecap=\"round\" stroke-linejoin=\"round\"><\/path><\/svg>\t\t\t<\/div>\n\t\t<\/div>\n\t\t\t\t\t\t<\/div>\n\t\t\t\t<\/div>\n\t\t\t\t<div class=\"elementor-element elementor-element-4758b72d elementor-widget elementor-widget-heading\" data-id=\"4758b72d\" data-element_type=\"widget\" data-widget_type=\"heading.default\">\n\t\t\t\t<div class=\"elementor-widget-container\">\n\t\t\t\t\t<h3 class=\"elementor-heading-title elementor-size-default\">3-layer shell pant for all weather<\/h3>\t\t\t\t<\/div>\n\t\t\t\t<\/div>\n\t\t\t\t<div class=\"elementor-element elementor-element-295deb56 elementor-widget elementor-widget-text-editor\" data-id=\"295deb56\" data-element_type=\"widget\" data-widget_type=\"text-editor.default\">\n\t\t\t\t<div class=\"elementor-widget-container\">\n\t\t\t\t\t\t\t\t\t<p>- Waterproof &gt; 25 000 mm water column<br \/>- Windproof and breathable<br \/>- Highly durable fabric built for tough use<br \/>- Designed for long-lasting wear<\/p>\t\t\t\t\t\t\t\t<\/div>\n\t\t\t\t<\/div>\n\t\t\t\t<\/div>\n\t\t<div class=\"elementor-element elementor-element-5654c37d e-con-full e-flex e-con e-child\" data-id=\"5654c37d\" data-element_type=\"container\">\n\t\t\t\t<div class=\"elementor-element elementor-element-387e9789 elementor-view-default elementor-widget elementor-widget-icon\" data-id=\"387e9789\" data-element_type=\"widget\" data-widget_type=\"icon.default\">\n\t\t\t\t<div class=\"elementor-widget-container\">\n\t\t\t\t\t\t\t<div class=\"elementor-icon-wrapper\">\n\t\t\t<div class=\"elementor-icon\">\n\t\t\t<svg xmlns=\"http:\/\/www.w3.org\/2000\/svg\" width=\"70\" height=\"69\" viewbox=\"0 0 70 69\" fill=\"none\"><path d=\"M34.1581 51.6718C56.89 45.2784 43.6297 27.4007 34.1581 19.261C12.1366 40.9274 24.9825 49.8958 34.1581 51.6718ZM34.1581 51.6718V29.4726M34.1581 51.6718V56.5556M28.3863 36.1324L34.1581 42.3481M40.3739 37.9083L34.6021 43.6801M14.1789 26.8087L25.2785 7.58366C25.2785 7.58366 26.8504 4.51742 28.5642 3.27759C30.4883 1.88566 32.0055 1.46999 34.3801 1.50166C36.6555 1.53201 38.0539 1.9895 39.9299 3.27759C41.7269 4.5115 43.4817 7.58366 43.4817 7.58366L51.249 21.0369M43.0378 19.632L51.6027 21.6102L53.581 13.0453M54.6177 26.3648L65.7173 45.5898C65.7173 45.5898 67.5868 48.4843 67.8036 50.5884C68.047 52.9507 67.6484 54.4725 66.4336 56.5131C65.2697 58.4684 64.1742 59.4508 62.1207 60.4313C60.1536 61.3707 56.6157 61.3543 56.6157 61.3543H41.0812M46.4033 54.9457L40.4076 61.374L46.836 67.3696M34.8013 61.5641H12.6022C12.6022 61.5641 9.16078 61.7359 7.23014 60.8716C5.06265 59.9012 3.94405 58.7951 2.7842 56.7228C1.67279 54.7371 1.36975 53.2973 1.54731 51.0286C1.71739 48.8554 3.50054 45.7996 3.50054 45.7996L11.2678 32.3463M14.1565 40.1599L11.5872 31.7533L3.18068 34.3226\" stroke=\"black\" stroke-width=\"3\" stroke-linecap=\"round\" stroke-linejoin=\"round\"><\/path><\/svg>\t\t\t<\/div>\n\t\t<\/div>\n\t\t\t\t\t\t<\/div>\n\t\t\t\t<\/div>\n\t\t\t\t<div class=\"elementor-element elementor-element-6909620b elementor-widget elementor-widget-heading\" data-id=\"6909620b\" data-element_type=\"widget\" data-widget_type=\"heading.default\">\n\t\t\t\t<div class=\"elementor-widget-container\">\n\t\t\t\t\t<h3 class=\"elementor-heading-title elementor-size-default\">A responsible choice for the environment<\/h3>\t\t\t\t<\/div>\n\t\t\t\t<\/div>\n\t\t\t\t<div class=\"elementor-element elementor-element-7ff3dd3d elementor-widget elementor-widget-text-editor\" data-id=\"7ff3dd3d\" data-element_type=\"widget\" data-widget_type=\"text-editor.default\">\n\t\t\t\t<div class=\"elementor-widget-container\">\n\t\t\t\t\t\t\t\t\t<p>- 100% recycled fabrics<br \/>- Free from PFC &amp; PFAS\/PTFE<br \/>- CO\u2082-neutral<br \/>- Oeko-Tex\u00ae certified fabric<\/p>\t\t\t\t\t\t\t\t<\/div>\n\t\t\t\t<\/div>\n\t\t\t\t<\/div>\n\t\t\t\t<\/div>\n\t\t\t\t\t<\/div>\n\t\t\t\t<\/div>\n\t\t<section class=\"elementor-element elementor-element-5a926d9b e-con-full e-flex e-con e-child\" data-id=\"5a926d9b\" data-element_type=\"container\" data-settings=\"{&quot;background_background&quot;:&quot;classic&quot;}\">\n\t\t\t\t<div class=\"elementor-element elementor-element-2c5489e5 elementor-widget elementor-widget-image\" data-id=\"2c5489e5\" data-element_type=\"widget\" data-widget_type=\"image.default\">\n\t\t\t\t<div class=\"elementor-widget-container\">\n\t\t\t\t\t\t\t\t\t\t\t\t\t\t\t<img decoding=\"async\" width=\"140\" height=\"140\" src=\"https:\/\/skiddis.se\/wp-content\/uploads\/2025\/12\/autmn-icon.png\" class=\"attachment-medium size-medium wp-image-3869\" alt=\"\" srcset=\"https:\/\/skiddis.se\/wp-content\/uploads\/2025\/12\/autmn-icon.png 140w, https:\/\/skiddis.se\/wp-content\/uploads\/2025\/12\/autmn-icon-100x100.png 100w\" sizes=\"(max-width: 140px) 100vw, 140px\" \/>\t\t\t\t\t\t\t\t\t\t\t\t\t\t\t<\/div>\n\t\t\t\t<\/div>\n\t\t\t\t<div class=\"elementor-element elementor-element-13d07104 elementor-widget elementor-widget-image\" data-id=\"13d07104\" data-element_type=\"widget\" data-widget_type=\"image.default\">\n\t\t\t\t<div class=\"elementor-widget-container\">\n\t\t\t\t\t\t\t\t\t\t\t\t\t\t\t<img decoding=\"async\" width=\"140\" height=\"140\" src=\"https:\/\/skiddis.se\/wp-content\/uploads\/2025\/12\/rain-icon.png\" class=\"attachment-medium size-medium wp-image-3873\" alt=\"\" srcset=\"https:\/\/skiddis.se\/wp-content\/uploads\/2025\/12\/rain-icon.png 140w, https:\/\/skiddis.se\/wp-content\/uploads\/2025\/12\/rain-icon-100x100.png 100w\" sizes=\"(max-width: 140px) 100vw, 140px\" \/>\t\t\t\t\t\t\t\t\t\t\t\t\t\t\t<\/div>\n\t\t\t\t<\/div>\n\t\t\t\t<div class=\"elementor-element elementor-element-24e35cd2 elementor-widget elementor-widget-image\" data-id=\"24e35cd2\" data-element_type=\"widget\" data-widget_type=\"image.default\">\n\t\t\t\t<div class=\"elementor-widget-container\">\n\t\t\t\t\t\t\t\t\t\t\t\t\t\t\t<img decoding=\"async\" width=\"140\" height=\"140\" src=\"https:\/\/skiddis.se\/wp-content\/uploads\/2025\/12\/summer-icon.png\" class=\"attachment-medium size-medium wp-image-4035\" alt=\"\" srcset=\"https:\/\/skiddis.se\/wp-content\/uploads\/2025\/12\/summer-icon.png 140w, https:\/\/skiddis.se\/wp-content\/uploads\/2025\/12\/summer-icon-100x100.png 100w, https:\/\/skiddis.se\/wp-content\/uploads\/2025\/12\/summer-icon-50x50.png 50w\" sizes=\"(max-width: 140px) 100vw, 140px\" \/>\t\t\t\t\t\t\t\t\t\t\t\t\t\t\t<\/div>\n\t\t\t\t<\/div>\n\t\t\t\t<div class=\"elementor-element elementor-element-2bded87a elementor-widget elementor-widget-image\" data-id=\"2bded87a\" data-element_type=\"widget\" data-widget_type=\"image.default\">\n\t\t\t\t<div class=\"elementor-widget-container\">\n\t\t\t\t\t\t\t\t\t\t\t\t\t\t\t<img loading=\"lazy\" decoding=\"async\" width=\"140\" height=\"140\" src=\"https:\/\/skiddis.se\/wp-content\/uploads\/2025\/12\/winter-icon.png\" class=\"attachment-medium size-medium wp-image-4036\" alt=\"\" srcset=\"https:\/\/skiddis.se\/wp-content\/uploads\/2025\/12\/winter-icon.png 140w, https:\/\/skiddis.se\/wp-content\/uploads\/2025\/12\/winter-icon-100x100.png 100w, https:\/\/skiddis.se\/wp-content\/uploads\/2025\/12\/winter-icon-50x50.png 50w\" sizes=\"(max-width: 140px) 100vw, 140px\" \/>\t\t\t\t\t\t\t\t\t\t\t\t\t\t\t<\/div>\n\t\t\t\t<\/div>\n\t\t\t\t<\/section>\n\t\t\t\t<\/section>\n\t\t<section class=\"elementor-element elementor-element-1a631e1d e-flex e-con-boxed e-con e-parent\" data-id=\"1a631e1d\" data-element_type=\"container\">\n\t\t\t\t\t<div class=\"e-con-inner\">\n\t\t<section class=\"elementor-element elementor-element-366f2bbc e-con-full e-flex e-con e-child\" data-id=\"366f2bbc\" data-element_type=\"container\" data-settings=\"{&quot;background_background&quot;:&quot;classic&quot;}\">\n\t\t\t\t<div class=\"elementor-element elementor-element-371c0bc7 elementor-widget elementor-widget-button\" data-id=\"371c0bc7\" data-element_type=\"widget\" data-widget_type=\"button.default\">\n\t\t\t\t<div class=\"elementor-widget-container\">\n\t\t\t\t\t\t\t\t\t<div class=\"elementor-button-wrapper\">\n\t\t\t\t\t<a class=\"elementor-button elementor-button-link elementor-size-sm\" href=\"https:\/\/skiddis.se\/en\/butik\/skalbyxa-skiddis\/\">\n\t\t\t\t\t\t<span class=\"elementor-button-content-wrapper\">\n\t\t\t\t\t\t\t\t\t<span class=\"elementor-button-text\">Go to shop<\/span>\n\t\t\t\t\t<\/span>\n\t\t\t\t\t<\/a>\n\t\t\t\t<\/div>\n\t\t\t\t\t\t\t\t<\/div>\n\t\t\t\t<\/div>\n\t\t\t\t<\/section>\n\t\t\t\t\t<\/div>\n\t\t\t\t<\/section>\n\t\t<section class=\"elementor-element elementor-element-4041e333 e-con-full e-flex e-con e-parent\" data-id=\"4041e333\" data-element_type=\"container\" data-settings=\"{&quot;background_background&quot;:&quot;classic&quot;}\">\n\t\t<div class=\"elementor-element elementor-element-8523e6f e-flex e-con-boxed e-con e-child\" data-id=\"8523e6f\" data-element_type=\"container\">\n\t\t\t\t\t<div class=\"e-con-inner\">\n\t\t<div class=\"elementor-element elementor-element-5c2b4efc e-con-full e-flex e-con e-child\" data-id=\"5c2b4efc\" data-element_type=\"container\">\n\t\t\t\t<div class=\"elementor-element elementor-element-6263fba1 elementor-view-default elementor-widget elementor-widget-icon\" data-id=\"6263fba1\" data-element_type=\"widget\" data-widget_type=\"icon.default\">\n\t\t\t\t<div class=\"elementor-widget-container\">\n\t\t\t\t\t\t\t<div class=\"elementor-icon-wrapper\">\n\t\t\t<div class=\"elementor-icon\">\n\t\t\t<svg aria-hidden=\"true\" class=\"e-font-icon-svg e-fas-shipping-fast\" viewbox=\"0 0 640 512\" xmlns=\"http:\/\/www.w3.org\/2000\/svg\"><path d=\"M624 352h-16V243.9c0-12.7-5.1-24.9-14.1-33.9L494 110.1c-9-9-21.2-14.1-33.9-14.1H416V48c0-26.5-21.5-48-48-48H112C85.5 0 64 21.5 64 48v48H8c-4.4 0-8 3.6-8 8v16c0 4.4 3.6 8 8 8h272c4.4 0 8 3.6 8 8v16c0 4.4-3.6 8-8 8H40c-4.4 0-8 3.6-8 8v16c0 4.4 3.6 8 8 8h208c4.4 0 8 3.6 8 8v16c0 4.4-3.6 8-8 8H8c-4.4 0-8 3.6-8 8v16c0 4.4 3.6 8 8 8h208c4.4 0 8 3.6 8 8v16c0 4.4-3.6 8-8 8H64v128c0 53 43 96 96 96s96-43 96-96h128c0 53 43 96 96 96s96-43 96-96h48c8.8 0 16-7.2 16-16v-32c0-8.8-7.2-16-16-16zM160 464c-26.5 0-48-21.5-48-48s21.5-48 48-48 48 21.5 48 48-21.5 48-48 48zm320 0c-26.5 0-48-21.5-48-48s21.5-48 48-48 48 21.5 48 48-21.5 48-48 48zm80-208H416V144h44.1l99.9 99.9V256z\"><\/path><\/svg>\t\t\t<\/div>\n\t\t<\/div>\n\t\t\t\t\t\t<\/div>\n\t\t\t\t<\/div>\n\t\t\t\t<div class=\"elementor-element elementor-element-251e8f20 elementor-widget elementor-widget-heading\" data-id=\"251e8f20\" data-element_type=\"widget\" data-widget_type=\"heading.default\">\n\t\t\t\t<div class=\"elementor-widget-container\">\n\t\t\t\t\t<h4 class=\"elementor-heading-title elementor-size-default\">Delivery<\/h4>\t\t\t\t<\/div>\n\t\t\t\t<\/div>\n\t\t\t\t<div class=\"elementor-element elementor-element-55fc55b2 elementor-widget elementor-widget-text-editor\" data-id=\"55fc55b2\" data-element_type=\"widget\" data-widget_type=\"text-editor.default\">\n\t\t\t\t<div class=\"elementor-widget-container\">\n\t\t\t\t\t\t\t\t\t<p>Fast order processing<\/p>\t\t\t\t\t\t\t\t<\/div>\n\t\t\t\t<\/div>\n\t\t\t\t<\/div>\n\t\t<div class=\"elementor-element elementor-element-6ce18c9b e-con-full e-flex e-con e-child\" data-id=\"6ce18c9b\" data-element_type=\"container\">\n\t\t\t\t<div class=\"elementor-element elementor-element-3ca1a73c elementor-view-default elementor-widget elementor-widget-icon\" data-id=\"3ca1a73c\" data-element_type=\"widget\" data-widget_type=\"icon.default\">\n\t\t\t\t<div class=\"elementor-widget-container\">\n\t\t\t\t\t\t\t<div class=\"elementor-icon-wrapper\">\n\t\t\t<div class=\"elementor-icon\">\n\t\t\t<svg aria-hidden=\"true\" class=\"e-font-icon-svg e-fas-arrows-alt-h\" viewbox=\"0 0 512 512\" xmlns=\"http:\/\/www.w3.org\/2000\/svg\"><path d=\"M377.941 169.941V216H134.059v-46.059c0-21.382-25.851-32.09-40.971-16.971L7.029 239.029c-9.373 9.373-9.373 24.568 0 33.941l86.059 86.059c15.119 15.119 40.971 4.411 40.971-16.971V296h243.882v46.059c0 21.382 25.851 32.09 40.971 16.971l86.059-86.059c9.373-9.373 9.373-24.568 0-33.941l-86.059-86.059c-15.119-15.12-40.971-4.412-40.971 16.97z\"><\/path><\/svg>\t\t\t<\/div>\n\t\t<\/div>\n\t\t\t\t\t\t<\/div>\n\t\t\t\t<\/div>\n\t\t\t\t<div class=\"elementor-element elementor-element-4c291ed3 elementor-widget elementor-widget-heading\" data-id=\"4c291ed3\" data-element_type=\"widget\" data-widget_type=\"heading.default\">\n\t\t\t\t<div class=\"elementor-widget-container\">\n\t\t\t\t\t<h4 class=\"elementor-heading-title elementor-size-default\">30 days<\/h4>\t\t\t\t<\/div>\n\t\t\t\t<\/div>\n\t\t\t\t<div class=\"elementor-element elementor-element-5e1a6a00 elementor-widget elementor-widget-text-editor\" data-id=\"5e1a6a00\" data-element_type=\"widget\" data-widget_type=\"text-editor.default\">\n\t\t\t\t<div class=\"elementor-widget-container\">\n\t\t\t\t\t\t\t\t\t<p>30-day return policy<\/p>\t\t\t\t\t\t\t\t<\/div>\n\t\t\t\t<\/div>\n\t\t\t\t<\/div>\n\t\t<div class=\"elementor-element elementor-element-1bc97287 e-con-full e-flex e-con e-child\" data-id=\"1bc97287\" data-element_type=\"container\">\n\t\t\t\t<div class=\"elementor-element elementor-element-470c8958 elementor-view-default elementor-widget elementor-widget-icon\" data-id=\"470c8958\" data-element_type=\"widget\" data-widget_type=\"icon.default\">\n\t\t\t\t<div class=\"elementor-widget-container\">\n\t\t\t\t\t\t\t<div class=\"elementor-icon-wrapper\">\n\t\t\t<div class=\"elementor-icon\">\n\t\t\t<svg aria-hidden=\"true\" class=\"e-font-icon-svg e-fas-credit-card\" viewbox=\"0 0 576 512\" xmlns=\"http:\/\/www.w3.org\/2000\/svg\"><path d=\"M0 432c0 26.5 21.5 48 48 48h480c26.5 0 48-21.5 48-48V256H0v176zm192-68c0-6.6 5.4-12 12-12h136c6.6 0 12 5.4 12 12v40c0 6.6-5.4 12-12 12H204c-6.6 0-12-5.4-12-12v-40zm-128 0c0-6.6 5.4-12 12-12h72c6.6 0 12 5.4 12 12v40c0 6.6-5.4 12-12 12H76c-6.6 0-12-5.4-12-12v-40zM576 80v48H0V80c0-26.5 21.5-48 48-48h480c26.5 0 48 21.5 48 48z\"><\/path><\/svg>\t\t\t<\/div>\n\t\t<\/div>\n\t\t\t\t\t\t<\/div>\n\t\t\t\t<\/div>\n\t\t\t\t<div class=\"elementor-element elementor-element-2abc7a4b elementor-widget elementor-widget-heading\" data-id=\"2abc7a4b\" data-element_type=\"widget\" data-widget_type=\"heading.default\">\n\t\t\t\t<div class=\"elementor-widget-container\">\n\t\t\t\t\t<h4 class=\"elementor-heading-title elementor-size-default\">Secure payment<\/h4>\t\t\t\t<\/div>\n\t\t\t\t<\/div>\n\t\t\t\t<div class=\"elementor-element elementor-element-2aff5a95 elementor-widget elementor-widget-text-editor\" data-id=\"2aff5a95\" data-element_type=\"widget\" data-widget_type=\"text-editor.default\">\n\t\t\t\t<div class=\"elementor-widget-container\">\n\t\t\t\t\t\t\t\t\t<p>Pay by card or Google P<span style=\"font-style: inherit; text-align: var(--text-align);\">ay<\/span><\/p>\t\t\t\t\t\t\t\t<\/div>\n\t\t\t\t<\/div>\n\t\t\t\t<\/div>\n\t\t\t\t\t<\/div>\n\t\t\t\t<\/div>\n\t\t\t\t<\/section>\n\t\t<section class=\"elementor-element elementor-element-cec8450 e-con-full e-flex e-con e-parent\" data-id=\"cec8450\" data-element_type=\"container\">\n\t\t<div class=\"elementor-element elementor-element-66a6a55b e-flex e-con-boxed e-con e-child\" data-id=\"66a6a55b\" data-element_type=\"container\" data-settings=\"{&quot;background_background&quot;:&quot;classic&quot;}\">\n\t\t\t\t\t<div class=\"e-con-inner\">\n\t\t\t\t\t<\/div>\n\t\t\t\t<\/div>\n\t\t<div class=\"elementor-element elementor-element-3be89979 e-con-full e-flex e-con e-child\" data-id=\"3be89979\" data-element_type=\"container\" data-settings=\"{&quot;background_background&quot;:&quot;classic&quot;}\">\n\t\t\t\t<\/div>\n\t\t<div class=\"elementor-element elementor-element-6de09c4f e-con-full e-flex e-con e-child\" data-id=\"6de09c4f\" data-element_type=\"container\" data-settings=\"{&quot;background_background&quot;:&quot;classic&quot;}\">\n\t\t\t\t<\/div>\n\t\t<div class=\"elementor-element elementor-element-3f7b0ba8 e-con-full e-flex e-con e-child\" data-id=\"3f7b0ba8\" data-element_type=\"container\" data-settings=\"{&quot;background_background&quot;:&quot;classic&quot;}\">\n\t\t\t\t<\/div>\n\t\t\t\t<\/section>\n\t\t\t\t<\/div>","protected":false},"excerpt":{"rendered":"<p>H\u00e5llbara skalbyxor f\u00f6r barn som aldrig vill g\u00e5 in Vi g\u00f6r bara en sak \u2013 och vi g\u00f6r den ordentligt.\u2028Skalbyxor [&hellip;]<\/p>","protected":false},"author":17,"featured_media":0,"parent":0,"menu_order":0,"comment_status":"closed","ping_status":"closed","template":"","meta":{"site-sidebar-layout":"default","site-content-layout":"","ast-site-content-layout":"default","site-content-style":"default","site-sidebar-style":"default","ast-global-header-display":"","ast-banner-title-visibility":"","ast-main-header-display":"","ast-hfb-above-header-display":"","ast-hfb-below-header-display":"","ast-hfb-mobile-header-display":"","site-post-title":"","ast-breadcrumbs-content":"","ast-featured-img":"","footer-sml-layout":"","ast-disable-related-posts":"","theme-transparent-header-meta":"","adv-header-id-meta":"","stick-header-meta":"","header-above-stick-meta":"","header-main-stick-meta":"","header-below-stick-meta":"","astra-migrate-meta-layouts":"default","ast-page-background-enabled":"default","ast-page-background-meta":{"desktop":{"background-color":"var(--ast-global-color-5)","background-image":"","background-repeat":"repeat","background-position":"center center","background-size":"auto","background-attachment":"scroll","background-type":"","background-media":"","overlay-type":"","overlay-color":"","overlay-opacity":"","overlay-gradient":""},"tablet":{"background-color":"","background-image":"","background-repeat":"repeat","background-position":"center center","background-size":"auto","background-attachment":"scroll","background-type":"","background-media":"","overlay-type":"","overlay-color":"","overlay-opacity":"","overlay-gradient":""},"mobile":{"background-color":"","background-image":"","background-repeat":"repeat","background-position":"center center","background-size":"auto","background-attachment":"scroll","background-type":"","background-media":"","overlay-type":"","overlay-color":"","overlay-opacity":"","overlay-gradient":""}},"ast-content-background-meta":{"desktop":{"background-color":"var(--ast-global-color-4)","background-image":"","background-repeat":"repeat","background-position":"center center","background-size":"auto","background-attachment":"scroll","background-type":"","background-media":"","overlay-type":"","overlay-color":"","overlay-opacity":"","overlay-gradient":""},"tablet":{"background-color":"var(--ast-global-color-4)","background-image":"","background-repeat":"repeat","background-position":"center center","background-size":"auto","background-attachment":"scroll","background-type":"","background-media":"","overlay-type":"","overlay-color":"","overlay-opacity":"","overlay-gradient":""},"mobile":{"background-color":"var(--ast-global-color-4)","background-image":"","background-repeat":"repeat","background-position":"center center","background-size":"auto","background-attachment":"scroll","background-type":"","background-media":"","overlay-type":"","overlay-color":"","overlay-opacity":"","overlay-gradient":""}},"footnotes":""},"class_list":["post-4121","page","type-page","status-publish","hentry"],"_links":{"self":[{"href":"https:\/\/skiddis.se\/en\/wp-json\/wp\/v2\/pages\/4121","targetHints":{"allow":["GET"]}}],"collection":[{"href":"https:\/\/skiddis.se\/en\/wp-json\/wp\/v2\/pages"}],"about":[{"href":"https:\/\/skiddis.se\/en\/wp-json\/wp\/v2\/types\/page"}],"author":[{"embeddable":true,"href":"https:\/\/skiddis.se\/en\/wp-json\/wp\/v2\/users\/17"}],"replies":[{"embeddable":true,"href":"https:\/\/skiddis.se\/en\/wp-json\/wp\/v2\/comments?post=4121"}],"version-history":[{"count":67,"href":"https:\/\/skiddis.se\/en\/wp-json\/wp\/v2\/pages\/4121\/revisions"}],"predecessor-version":[{"id":5292,"href":"https:\/\/skiddis.se\/en\/wp-json\/wp\/v2\/pages\/4121\/revisions\/5292"}],"wp:attachment":[{"href":"https:\/\/skiddis.se\/en\/wp-json\/wp\/v2\/media?parent=4121"}],"curies":[{"name":"wp","href":"https:\/\/api.w.org\/{rel}","templated":true}]}}