{"id":4075,"date":"2025-12-12T12:02:08","date_gmt":"2025-12-12T11:02:08","guid":{"rendered":"https:\/\/skiddis.se\/integritetspolicy-2\/"},"modified":"2026-03-16T10:46:05","modified_gmt":"2026-03-16T09:46:05","slug":"integritetspolicy","status":"publish","type":"page","link":"https:\/\/skiddis.se\/fr\/integritetspolicy\/","title":{"rendered":"Politique de confidentialit\u00e9"},"content":{"rendered":"<div data-elementor-type=\"wp-page\" data-elementor-id=\"4075\" class=\"elementor elementor-4075\" data-elementor-post-type=\"page\">\n\t\t\t\t<section class=\"elementor-element elementor-element-6f6ad3c e-con-full e-flex e-con e-parent\" data-id=\"6f6ad3c\" data-element_type=\"container\" data-settings=\"{&quot;background_background&quot;:&quot;classic&quot;}\" data-no-translation=\"\">\n\t\t<div class=\"elementor-element elementor-element-4199577 e-con-full e-flex e-con e-child\" data-id=\"4199577\" data-element_type=\"container\">\n\t\t\t\t<div class=\"elementor-element elementor-element-e73ca9d elementor-widget elementor-widget-heading\" data-id=\"e73ca9d\" data-element_type=\"widget\" data-widget_type=\"heading.default\">\n\t\t\t\t<div class=\"elementor-widget-container\">\n\t\t\t\t\t<h2 class=\"elementor-heading-title elementor-size-default\">Politique de confidentialit\u00e9<\/h2>\t\t\t\t<\/div>\n\t\t\t\t<\/div>\n\t\t\t\t<div class=\"elementor-element elementor-element-aec298d elementor-widget elementor-widget-text-editor\" data-id=\"aec298d\" data-element_type=\"widget\" data-widget_type=\"text-editor.default\">\n\t\t\t\t<div class=\"elementor-widget-container\">\n\t\t\t\t\t\t\t\t\t<section class=\"elementor-section elementor-top-section elementor-element elementor-element-e52ae1c elementor-section-boxed elementor-section-height-default elementor-section-height-default\" data-id=\"e52ae1c\" data-element_type=\"section\">\n<div class=\"elementor-container elementor-column-gap-default\">\n<div class=\"elementor-column elementor-col-100 elementor-top-column elementor-element elementor-element-6591666\" data-id=\"6591666\" data-element_type=\"column\">\n<div class=\"elementor-widget-wrap elementor-element-populated\">\n<div class=\"elementor-element elementor-element-6e699ed elementor-widget elementor-widget-text-editor\" data-id=\"6e699ed\" data-element_type=\"widget\" data-widget_type=\"text-editor.default\">\n<div class=\"elementor-widget-container\">\n<h3><strong>Protection de la vie priv\u00e9e<\/strong><\/h3>\n<p>SKIDDIS OF SWEDEN s\u2019engage \u00e0 prot\u00e9ger la vie priv\u00e9e des personnes utilisant son site web et la confidentialit\u00e9 des informations personnelles fournies, conform\u00e9ment aux r\u00e8gles suivantes\u00a0:<\/p>\n<ul>\n<li>le R\u00e8glement (UE) 2016\/679 du Parlement europ\u00e9en et du Conseil du 27 avril 2016 (r\u00e8glement europ\u00e9en sur la protection des donn\u00e9es) abrogeant la Directive 95\/46\/CE et applicable \u00e0 partir du 25 mai 2018,<\/li>\n<li>le cas \u00e9ch\u00e9ant, les textes adopt\u00e9s au sein de l\u2019Union europ\u00e9enne et les lois locales susceptibles de s\u2019appliquer aux donn\u00e9es \u00e0 caract\u00e8re personnel trait\u00e9es dans le cadre de l\u2019activit\u00e9 de SKIDDIS OF SWEDEN,<\/li>\n<li>les textes et d\u00e9cisions \u00e9manant d\u2019autorit\u00e9s europ\u00e9ennes de supervision ind\u00e9pendantes,<\/li>\n<li>tout texte relevant de la vie priv\u00e9e et du secret professionnel.<\/li>\n<\/ul>\n<ol>\n<li><a href=\"https:\/\/skiddis.com\/politique-de-confidentialite\/#protectionvieprivee1\">Identit\u00e9 du responsable de traitement<\/a><\/li>\n<li><a href=\"https:\/\/skiddis.com\/politique-de-confidentialite\/#protectionvieprivee2\">Collecte et h\u00e9bergement de vos donn\u00e9es<\/a><\/li>\n<li><a href=\"https:\/\/skiddis.com\/politique-de-confidentialite\/#protectionvieprivee3\">S\u00e9curit\u00e9 des donn\u00e9es<\/a><\/li>\n<li><a href=\"https:\/\/skiddis.com\/politique-de-confidentialite\/#protectionvieprivee4\">Vos droits<\/a><\/li>\n<\/ol>\n<\/div>\n<\/div>\n<div class=\"elementor-element elementor-element-e969928 elementor-widget elementor-widget-menu-anchor\" data-id=\"e969928\" data-element_type=\"widget\" data-widget_type=\"menu-anchor.default\">\n<div class=\"elementor-widget-container\">\n<div id=\"protectionvieprivee1\" class=\"elementor-menu-anchor\">\u00a0<\/div>\n<\/div>\n<\/div>\n<\/div>\n<\/div>\n<\/div>\n<\/section>\n<section class=\"elementor-section elementor-top-section elementor-element elementor-element-5f4e24d elementor-section-boxed elementor-section-height-default elementor-section-height-default\" data-id=\"5f4e24d\" data-element_type=\"section\">\n<div class=\"elementor-container elementor-column-gap-default\">\n<div class=\"elementor-column elementor-col-100 elementor-top-column elementor-element elementor-element-8f03e60\" data-id=\"8f03e60\" data-element_type=\"column\">\n<div class=\"elementor-widget-wrap elementor-element-populated\">\n<div class=\"elementor-element elementor-element-b971d94 elementor-widget elementor-widget-text-editor\" data-id=\"b971d94\" data-element_type=\"widget\" data-widget_type=\"text-editor.default\">\n<div class=\"elementor-widget-container\">\n<h3><b><strong>1. IDENTIT\u00c9 DU RESPONSABLE DE TRAITEMENT<\/strong><\/b><\/h3>\n<p>Les traitements de donn\u00e9es \u00e0 caract\u00e8re personnel vous concernant sont mis en \u0153uvre par la soci\u00e9t\u00e9 SKIDDIS OF SWEDEN AB,<\/p>\n<p>Si\u00e8ge social\u00a0: Bergmov\u00e4gen 4, 146 38 Tullinge (Su\u00e8de)<br \/>RCS Su\u00e8de 559274-3289<br \/>S.A. au capital de 50 000 SEK<\/p>\n<\/div>\n<\/div>\n<div class=\"elementor-element elementor-element-87a6ca5 elementor-widget elementor-widget-menu-anchor\" data-id=\"87a6ca5\" data-element_type=\"widget\" data-widget_type=\"menu-anchor.default\">\n<div class=\"elementor-widget-container\">\n<div id=\"protectionvieprivee2\" class=\"elementor-menu-anchor\">\u00a0<\/div>\n<\/div>\n<\/div>\n<\/div>\n<\/div>\n<\/div>\n<\/section>\n<section class=\"elementor-section elementor-top-section elementor-element elementor-element-08bd679 elementor-section-boxed elementor-section-height-default elementor-section-height-default\" data-id=\"08bd679\" data-element_type=\"section\">\n<div class=\"elementor-container elementor-column-gap-default\">\n<div class=\"elementor-column elementor-col-100 elementor-top-column elementor-element elementor-element-2eb752e\" data-id=\"2eb752e\" data-element_type=\"column\">\n<div class=\"elementor-widget-wrap elementor-element-populated\">\n<div class=\"elementor-element elementor-element-1b20e29 elementor-widget elementor-widget-text-editor\" data-id=\"1b20e29\" data-element_type=\"widget\" data-widget_type=\"text-editor.default\">\n<div class=\"elementor-widget-container\">\n<h3><b><strong>2. COLLECTE, H\u00c9BERGEMENT DE VOS DONN\u00c9ES<\/strong><\/b><\/h3>\n<h4><b><strong>2.1. COLLECTE<\/strong><\/b><\/h4>\n<p>Les informations personnelles que vous nous transmettez lors d&#8217;une commande sont utilis\u00e9es pour les traitements suivants :<\/p>\n<ul>\n<li>pour l\u2019ex\u00e9cution du contrat, afin d\u2019assurer le bon traitement de votre commande :<br \/>commande, livraison des produits, facturation, op\u00e9ration de paiements, informations sur le suivi de commande, service apr\u00e8s-vente, gestion des retours et des remboursements.<\/li>\n<li>partage d\u2019informations avec des partenaires commerciaux pour l\u2019ex\u00e9cution du contrat.<\/li>\n<li>lorsque vous nous avez donn\u00e9 votre consentement <br \/>&#8211; personnalisation de votre exp\u00e9rience de navigation sur notre site<br \/>&#8211; envoi d\u2019offres SKIDDIS OF SWEDEN adapt\u00e9es \u00e0 vos go\u00fbts et \u00e0 vos habitudes, via notamment des offres cibl\u00e9es par email.<\/li>\n<li>lorsque cela est dans l\u2019int\u00e9r\u00eat l\u00e9gitime de Skiddis of Sweden<br \/>&#8211; pr\u00e9vention de la fraude<br \/>&#8211; connaissance client et d\u2019\u00e9tudes statistiques : enqu\u00eate de satisfaction, op\u00e9rations de statistiques, d\u2019analyse, de s\u00e9lection et de segmentation des clients afin d\u2019am\u00e9liorer la connaissance des clients\u00a0<\/li>\n<\/ul>\n<p>Lors de vos visites sur notre site, nous pouvons vous demander des informations par le biais de questionnaires, formulaires.<br \/>Les informations demand\u00e9es, signal\u00e9es par un ast\u00e9risque, sont requises aux fins de la r\u00e9alisation de la prestation fournie par SKIDDIS OF SWEDEN. Elles sont n\u00e9cessaires au traitement de vos demandes. En cas de non r\u00e9ponse, Skiddis of Sweden ne pourra r\u00e9aliser la prestation.<br \/>Les autres informations sont destin\u00e9es \u00e0 mieux vous conna\u00eetre et sont, par cons\u00e9quent, facultatives. Vous \u00eates libre de ne pas y r\u00e9pondre.<\/p>\n<h4><b><strong>2.2. SOUS-TRAITANTS<\/strong><\/b><\/h4>\n<p>Certaines donn\u00e9es, notamment personnelles, pourront \u00e9ventuellement \u00eatre communiqu\u00e9es de mani\u00e8re s\u00e9curis\u00e9e \u00e0 des partenaires techniques li\u00e9s \u00e0 SKIDDIS OF SWEDEN par contrat pour l\u2019ex\u00e9cution de t\u00e2ches sous-trait\u00e9es n\u00e9cessaires \u00e0 l\u2019ex\u00e9cution de vos commandes, \u00e0 la livraison de biens et la r\u00e9alisation de prestations, \u00e0 la lutte contre la fraude, \u00e0 la r\u00e9alisation des paiements, pour certains aspects du service apr\u00e8s-vente ou encore pour r\u00e9aliser des enqu\u00eates de satisfaction.<\/p>\n<p>Les sous-traitants de SKIDDIS OF SWEDEN prennent notamment les engagements suivants\u00a0:<\/p>\n<ol>\n<li>traiter les donn\u00e9es uniquement pour la ou les seule(s) finalit\u00e9(s) qui fait\/font l\u2019objet de la sous-traitance\u00a0;<\/li>\n<li>traiter les donn\u00e9es conform\u00e9ment aux instructions document\u00e9es de SKIDDIS OF SWEDEN\u00a0;<\/li>\n<li>garantir la confidentialit\u00e9 des donn\u00e9es \u00e0 caract\u00e8re personnel trait\u00e9es dans le cadre des pr\u00e9sentes\u00a0;<\/li>\n<li>veiller \u00e0 ce que le personnel SKIDDIS OF SWEDEN autoris\u00e9 \u00e0 traiter les donn\u00e9es \u00e0 caract\u00e8re personnel\u00a0:<\/li>\n<\/ol>\n<ul>\n<li>s\u2019engage \u00e0 respecter la confidentialit\u00e9 ou soit soumise \u00e0 une obligation l\u00e9gale appropri\u00e9e de confidentialit\u00e9<\/li>\n<li>re\u00e7oive la formation n\u00e9cessaire en mati\u00e8re de protection des donn\u00e9es \u00e0 caract\u00e8re personnel<\/li>\n<\/ul>\n<ol start=\"5\">\n<li>prendre en compte, s\u2019agissant de ses outils, produits, applications ou services, les principes de protection des donn\u00e9es d\u00e8s la conception et de protection des donn\u00e9es par d\u00e9faut.<\/li>\n<\/ol>\n<h4><b><strong>2.3. DESTINATAIRES DES DONN\u00c9ES<\/strong><\/b><\/h4>\n<p>Seul le personnel de SKIDDIS OF SWEDEN sp\u00e9cifiquement habilit\u00e9 est l\u00e9gitime \u00e0 mettre en \u0153uvre des traitements sur vos donn\u00e9es \u00e0 caract\u00e8re personnel.<\/p>\n<h4><b><strong>2.4. H\u00c9BERGEMENT DE VOS DONN\u00c9ES PERSONNELLES<\/strong><\/b><\/h4>\n<p>SKIDDIS OF SWEDEN est pr\u00e9sent \u00e0 travers diff\u00e9rents pays mais vos donn\u00e9es personnelles ne sont stock\u00e9es que sur des serveurs s\u00e9curis\u00e9s situ\u00e9s en France.<\/p>\n<p>N\u00e9anmoins, afin d\u2019op\u00e9rer certaines prestations, il se peut que SKIDDIS OF SWEDEN soit amen\u00e9 \u00e0 faire transiter vos donn\u00e9es \u00e0 travers des serveurs qui peuvent \u00eatre situ\u00e9s dans le monde entier ou donne acc\u00e8s aux donn\u00e9es personnelles \u00e0 des prestataires situ\u00e9s \u00e0 l\u2019\u00e9tranger. SKIDDIS OF SWEDEN prendra alors naturellement des mesures appropri\u00e9es pour maintenir la s\u00e9curit\u00e9 des informations personnelles pendant le transfert et \u00e0 la r\u00e9ception de ces informations. Les sous-traitants et prestataires seront li\u00e9s par contrat avec SKIDDIS OF SWEDEN, qui int\u00e8grera les clauses contractuelles types (telles que publi\u00e9es par la Commission Europ\u00e9enne). SKIDDIS OF SWEDEN exige par ailleurs de ses sous-traitants et prestataires qu\u2019ils garantissent un niveau de s\u00e9curit\u00e9, de confidentialit\u00e9 et de protection suffisant de la vie priv\u00e9e et des droits fondamentaux.<\/p>\n<h4><strong>2.5 COOKIES<\/strong><\/h4>\n<p data-path-to-node=\"17\">Si vous d\u00e9posez un commentaire sur notre site, il vous sera propos\u00e9 d\u2019enregistrer votre nom, adresse e-mail et site web dans des cookies pour votre confort, afin de ne pas avoir \u00e0 saisir ces informations plus tard. Ces cookies expirent au bout d\u2019un an. Un cookie temporaire peut \u00eatre cr\u00e9\u00e9 lors de la visite de certaines pages pour d\u00e9terminer si votre navigateur accepte les cookies ; il ne contient pas de donn\u00e9es personnelles et est supprim\u00e9 \u00e0 la fermeture du navigateur.<br \/><br \/><\/p>\n<h4><b><strong>2.6. DUR\u00c9E DE CONSERVATION DES DONN\u00c9ES PERSONNELLES<\/strong><\/b><\/h4>\n<p>Skiddis of Sweden a fix\u00e9 la dur\u00e9e de conservation de vos donn\u00e9es personnelles \u00e0 5 ans \u00e0 compter\u00a0:<\/p>\n<ul>\n<li>Pour les prospects (n\u2019ayant jamais effectu\u00e9 d\u2019achat aupr\u00e8s de SKIDDIS OF SWEDEN), de la date du dernier contact avec notre marque<\/li>\n<li>Pour les clients (ayant d\u00e9j\u00e0 effectu\u00e9 un achat), de la date du dernier achat<\/li>\n<\/ul>\n<p>N\u00e9anmoins, pour certains types de traitement, la conservation des donn\u00e9es fait l\u2019objet de dur\u00e9es de conservation sp\u00e9cifiques (par exemple les factures li\u00e9es aux achats sont conserv\u00e9es 10 ans). Si vous laissez un commentaire, le commentaire et ses m\u00e9tadonn\u00e9es sont conserv\u00e9s ind\u00e9finiment. Cela permet de reconna\u00eetre et approuver automatiquement les commentaires suivants au lieu de les laisser dans la file de mod\u00e9ration.<\/p>\n<\/div>\n<\/div>\n<div class=\"elementor-element elementor-element-b84e2ee elementor-widget elementor-widget-menu-anchor\" data-id=\"b84e2ee\" data-element_type=\"widget\" data-widget_type=\"menu-anchor.default\">\n<div class=\"elementor-widget-container\">\n<div id=\"protectionvieprivee3\" class=\"elementor-menu-anchor\">\u00a0<\/div>\n<\/div>\n<\/div>\n<\/div>\n<\/div>\n<\/div>\n<\/section>\n<section class=\"elementor-section elementor-top-section elementor-element elementor-element-4cf1f24 elementor-section-boxed elementor-section-height-default elementor-section-height-default\" data-id=\"4cf1f24\" data-element_type=\"section\">\n<div class=\"elementor-container elementor-column-gap-default\">\n<div class=\"elementor-column elementor-col-100 elementor-top-column elementor-element elementor-element-c32aaab\" data-id=\"c32aaab\" data-element_type=\"column\">\n<div class=\"elementor-widget-wrap elementor-element-populated\">\n<div class=\"elementor-element elementor-element-83c4041 elementor-widget elementor-widget-text-editor\" data-id=\"83c4041\" data-element_type=\"widget\" data-widget_type=\"text-editor.default\">\n<div class=\"elementor-widget-container\">\n<h3><b><strong>3. S\u00c9CURIT\u00c9 DES DONN\u00c9ES<\/strong><\/b><\/h3>\n<h4><b><strong>3.1. LUTTE CONTRE LA FRAUDE<\/strong><\/b><\/h4>\n<p>Afin d\u2019assurer la s\u00e9curit\u00e9 des paiements lors des transactions sur le site, d\u2019\u00e9viter les fraudes et ainsi de prot\u00e9ger les consommateurs dans le cadre de la vente \u00e0 distance, SKIDDIS OF SWEDEN a mis en place les mesures n\u00e9cessaires de lutte contre la fraude et peut \u00eatre amen\u00e9 \u00e0 proc\u00e9der \u00e0 un traitement automatis\u00e9 de certaines de vos donn\u00e9es personnelles, dont la finalit\u00e9 est de contr\u00f4ler, ou faire contr\u00f4ler par ses sous-traitants, les commandes pass\u00e9es sur le Site Internet afin de v\u00e9rifier la r\u00e9gularit\u00e9 des informations qui lui sont transmises lors de celles-ci.<\/p>\n<p>D\u00e8s lors, si une commande ne pr\u00e9sente pas toutes les garanties n\u00e9cessaires pour assurer un paiement conforme et s\u00e9curis\u00e9, SKIDDIS OF SWEDEN se r\u00e9serve le droit d\u2019annuler la commande ou de vous demander des informations et documents compl\u00e9mentaires afin de valider la commande.<\/p>\n<h4><b><strong>3.2. S\u00c9CURIT\u00c9 DES PAIEMENTS<\/strong><\/b><\/h4>\n<p>Nous nous engageons \u00e0 assurer la s\u00e9curit\u00e9 de vos donn\u00e9es \u00e0 caract\u00e8re personnel via des proc\u00e9dures strictes au sein de notre entreprise.<br \/>Pour les donn\u00e9es collect\u00e9es sur le Site Internet, nous utilisons le protocole s\u00e9curis\u00e9 SSL (Secure Socket Layer) qui vous garantit un haut niveau de protection.<br \/>Afin d\u00b4assurer la s\u00e9curit\u00e9 des paiements, SKIDDIS OF SWEDEN utilise les services de notre prestataire Stripe certifi\u00e9s PCI niveau 1.<br \/>Cette norme est un standard de s\u00e9curit\u00e9 international dont les objectifs sont d\u2019assurer la confidentialit\u00e9 et l\u2019int\u00e9grit\u00e9 des donn\u00e9es des porteurs de cartes, et ainsi de s\u00e9curiser la protection des donn\u00e9es cartes et de transaction.<br \/>Lorsque vous r\u00e9glez une commande par carte bancaire, notre syst\u00e8me de prise de commande se connecte en temps r\u00e9el avec le syst\u00e8me de nos prestataires de paiement, qui collectent vos donn\u00e9es et proc\u00e8de aux diverses v\u00e9rifications pour \u00e9viter les abus et les fraudes. Les donn\u00e9es sont stock\u00e9es sur les serveurs de ces prestataires de paiement et ne sont \u00e0 aucun moment transmises sur les serveurs de SKIDDIS OF SWEDEN.<br \/>Ainsi, lorsque vous indiquez votre num\u00e9ro de carte bancaire, les recherches d\u2019autorisation sont automatiquement transmises en mode crypt\u00e9. Les autorisations et donn\u00e9es sont alors v\u00e9rifi\u00e9es aupr\u00e8s de votre banque afin d\u2019\u00e9viter les abus et les fraudes.<\/p>\n<p>Lors de votre paiement, vous avez la possibilit\u00e9 de sauvegarder les coordonn\u00e9es de votre carte de paiement afin de faciliter vos futurs achats sur le Site Internet. Ces informations sont ainsi enregistr\u00e9es et s\u00e9curis\u00e9es aupr\u00e8s de notre partenaire Stripe soumis \u00e0 la norme de s\u00e9curit\u00e9 dite \u00ab PCI-DSS \u00bb (Payment Card Industry Data Security Standard).<\/p>\n<p>Afin de pouvoir d\u00e9biter le compte lors de la facturation ou de la cr\u00e9diter suite \u00e0 un retour, nos prestataires de paiement gardent les donn\u00e9es bancaires associ\u00e9es au n\u00b0 d\u2019autorisation, le temps n\u00e9cessaire \u00e0 la r\u00e9alisation de la transaction et au traitement des \u00e9ventuelles r\u00e9clamations (retours, litiges).<\/p>\n<\/div>\n<\/div>\n<\/div>\n<\/div>\n<\/div>\n<\/section>\n<section class=\"elementor-section elementor-top-section elementor-element elementor-element-2de7084 elementor-section-boxed elementor-section-height-default elementor-section-height-default\" data-id=\"2de7084\" data-element_type=\"section\">\n<div class=\"elementor-container elementor-column-gap-default\">\n<div class=\"elementor-column elementor-col-100 elementor-top-column elementor-element elementor-element-f0b72ab\" data-id=\"f0b72ab\" data-element_type=\"column\">\n<div class=\"elementor-widget-wrap elementor-element-populated\">\n<div class=\"elementor-element elementor-element-a333f0d elementor-widget elementor-widget-text-editor\" data-id=\"a333f0d\" data-element_type=\"widget\" data-widget_type=\"text-editor.default\">\n<div class=\"elementor-widget-container\">\n<h3><b><strong>4. VOS DROITS<\/strong><\/b><\/h3>\n<p>Conform\u00e9ment aux dispositions l\u00e9gales et r\u00e9glementaires, notamment le R\u00e8glement (UE) 2016\/679 du Parlement europ\u00e9en et du Conseil du 27 avril 2016 (r\u00e8glement europ\u00e9en sur la protection des donn\u00e9es), vous disposez d\u2019un droit d\u2019acc\u00e8s, de rectification, de suppression et d\u2019opposition pour motif l\u00e9gitime, ainsi que d\u2019un droit \u00e0 l\u2019oubli et d\u2019un droit \u00e0 la portabilit\u00e9 de vos donn\u00e9es. Vous avez \u00e9galement la possibilit\u00e9 de nous faire part du sort que vous souhaitez r\u00e9server \u00e0 vos donn\u00e9es post-mortem.<\/p>\n<p>Vous pouvez les exercer, sous r\u00e9serve de fournir une pi\u00e8ce justificative d\u2019identit\u00e9 par les moyens suivants:<\/p>\n<ul>\n<li>\n<p data-path-to-node=\"28,0,0\">nous contacter via le \u00ab <a href=\"https:\/\/skiddis.com\/contact\">formulaire de contact<\/a> \u00bb du site.<\/p>\n<\/li>\n<li>\n<p data-path-to-node=\"28,1,0\">nous \u00e9crire par e-mail \u00e0 : hello@skiddis.com<\/p>\n<\/li>\n<\/ul>\n<p>N\u2019oubliez pas de mentionner toutes vos coordonn\u00e9es (nom, pr\u00e9nom, adresse, email et n\u00b0 de commande si possible) afin que nous puissions faire le n\u00e9cessaire dans les meilleurs d\u00e9lais.<\/p>\n<p>En cas de demande de suppression de vos Donn\u00e9es, nous pourrons toutefois les conserver dans nos archives et ce pour la dur\u00e9e n\u00e9cessaire \u00e0 satisfaire \u00e0 nos obligations l\u00e9gales, comptables et fiscales.<\/p>\n<p>Pour plus d\u2019informations concernant l\u2019exercice de vos droits :\u00a0\u00a0<a href=\"https:\/\/www.cnil.fr\/fr\/comprendre-vos-droits\/\">www.cnil.fr\/fr\/comprendre-vos-droits\/<\/a><\/p>\n<\/div>\n<\/div>\n<\/div>\n<\/div>\n<\/div>\n<\/section>\t\t\t\t\t\t\t\t<\/div>\n\t\t\t\t<\/div>\n\t\t\t\t<\/div>\n\t\t\t\t<\/section>\n\t\t\t\t<\/div>","protected":false},"excerpt":{"rendered":"<p>Integritetspolicy Vilka vi \u00e4r V\u00e5r webbplatsadress \u00e4r: https:\/\/skiddis.se SKIDDIS OF SWEDEN AB, 146 38 TullingeOrganisationsnummer 559274-3289 Vi samlar in information [&hellip;]<\/p>","protected":false},"author":17,"featured_media":0,"parent":0,"menu_order":0,"comment_status":"closed","ping_status":"closed","template":"","meta":{"site-sidebar-layout":"default","site-content-layout":"","ast-site-content-layout":"default","site-content-style":"default","site-sidebar-style":"default","ast-global-header-display":"","ast-banner-title-visibility":"","ast-main-header-display":"","ast-hfb-above-header-display":"","ast-hfb-below-header-display":"","ast-hfb-mobile-header-display":"","site-post-title":"","ast-breadcrumbs-content":"","ast-featured-img":"","footer-sml-layout":"","ast-disable-related-posts":"","theme-transparent-header-meta":"","adv-header-id-meta":"","stick-header-meta":"","header-above-stick-meta":"","header-main-stick-meta":"","header-below-stick-meta":"","astra-migrate-meta-layouts":"default","ast-page-background-enabled":"default","ast-page-background-meta":{"desktop":{"background-color":"var(--ast-global-color-5)","background-image":"","background-repeat":"repeat","background-position":"center center","background-size":"auto","background-attachment":"scroll","background-type":"","background-media":"","overlay-type":"","overlay-color":"","overlay-opacity":"","overlay-gradient":""},"tablet":{"background-color":"","background-image":"","background-repeat":"repeat","background-position":"center center","background-size":"auto","background-attachment":"scroll","background-type":"","background-media":"","overlay-type":"","overlay-color":"","overlay-opacity":"","overlay-gradient":""},"mobile":{"background-color":"","background-image":"","background-repeat":"repeat","background-position":"center center","background-size":"auto","background-attachment":"scroll","background-type":"","background-media":"","overlay-type":"","overlay-color":"","overlay-opacity":"","overlay-gradient":""}},"ast-content-background-meta":{"desktop":{"background-color":"var(--ast-global-color-4)","background-image":"","background-repeat":"repeat","background-position":"center center","background-size":"auto","background-attachment":"scroll","background-type":"","background-media":"","overlay-type":"","overlay-color":"","overlay-opacity":"","overlay-gradient":""},"tablet":{"background-color":"var(--ast-global-color-4)","background-image":"","background-repeat":"repeat","background-position":"center center","background-size":"auto","background-attachment":"scroll","background-type":"","background-media":"","overlay-type":"","overlay-color":"","overlay-opacity":"","overlay-gradient":""},"mobile":{"background-color":"var(--ast-global-color-4)","background-image":"","background-repeat":"repeat","background-position":"center center","background-size":"auto","background-attachment":"scroll","background-type":"","background-media":"","overlay-type":"","overlay-color":"","overlay-opacity":"","overlay-gradient":""}},"footnotes":""},"class_list":["post-4075","page","type-page","status-publish","hentry"],"_links":{"self":[{"href":"https:\/\/skiddis.se\/fr\/wp-json\/wp\/v2\/pages\/4075","targetHints":{"allow":["GET"]}}],"collection":[{"href":"https:\/\/skiddis.se\/fr\/wp-json\/wp\/v2\/pages"}],"about":[{"href":"https:\/\/skiddis.se\/fr\/wp-json\/wp\/v2\/types\/page"}],"author":[{"embeddable":true,"href":"https:\/\/skiddis.se\/fr\/wp-json\/wp\/v2\/users\/17"}],"replies":[{"embeddable":true,"href":"https:\/\/skiddis.se\/fr\/wp-json\/wp\/v2\/comments?post=4075"}],"version-history":[{"count":52,"href":"https:\/\/skiddis.se\/fr\/wp-json\/wp\/v2\/pages\/4075\/revisions"}],"predecessor-version":[{"id":5404,"href":"https:\/\/skiddis.se\/fr\/wp-json\/wp\/v2\/pages\/4075\/revisions\/5404"}],"wp:attachment":[{"href":"https:\/\/skiddis.se\/fr\/wp-json\/wp\/v2\/media?parent=4075"}],"curies":[{"name":"wp","href":"https:\/\/api.w.org\/{rel}","templated":true}]}}