{"id":4078,"date":"2025-12-12T12:02:08","date_gmt":"2025-12-12T11:02:08","guid":{"rendered":"https:\/\/skiddis.se\/aterbetalnings-och-returpolicy\/"},"modified":"2026-03-10T11:12:48","modified_gmt":"2026-03-10T10:12:48","slug":"returpolicy","status":"publish","type":"page","link":"https:\/\/skiddis.se\/fr\/returpolicy\/","title":{"rendered":"Politique de remboursement et de retour"},"content":{"rendered":"<div data-elementor-type=\"wp-page\" data-elementor-id=\"4078\" class=\"elementor elementor-4078\" data-elementor-post-type=\"page\">\n\t\t\t\t<section class=\"elementor-element elementor-element-15e82801 e-con-full e-flex e-con e-parent\" data-id=\"15e82801\" data-element_type=\"container\" data-settings=\"{&quot;background_background&quot;:&quot;classic&quot;}\" data-no-translation=\"\">\n\t\t<div class=\"elementor-element elementor-element-206dc36 e-con-full e-flex e-con e-child\" data-id=\"206dc36\" data-element_type=\"container\">\n\t\t\t\t<div class=\"elementor-element elementor-element-f94b5f7 elementor-widget elementor-widget-heading\" data-id=\"f94b5f7\" data-element_type=\"widget\" data-widget_type=\"heading.default\">\n\t\t\t\t<div class=\"elementor-widget-container\">\n\t\t\t\t\t<h2 class=\"elementor-heading-title elementor-size-default\">Politique de remboursement et de retour<\/h2>\t\t\t\t<\/div>\n\t\t\t\t<\/div>\n\t\t\t\t<div class=\"elementor-element elementor-element-a233c29 elementor-widget elementor-widget-text-editor\" data-id=\"a233c29\" data-element_type=\"widget\" data-widget_type=\"text-editor.default\">\n\t\t\t\t<div class=\"elementor-widget-container\">\n\t\t\t\t\t\t\t\t\t<h3><strong>Retours<\/strong><\/h3>\n<p>Vous disposez de 30 jours \u00e0 compter de la r\u00e9ception de votre commande pour nous notifier votre souhait de r\u00e9tractation et nous retourner un Produit.\u00a0\u00a0<\/p>\n<p>Les Produits ne doivent pas avoir \u00e9t\u00e9 port\u00e9s, lav\u00e9s, retouch\u00e9s ou endommag\u00e9s et doivent \u00eatre retourn\u00e9s intacts avec leurs \u00e9ventuels accessoires et \u00e9tiquettes.\u00a0<\/p>\n<p>Pour retourner un Produit, il vous suffit de nous contacter par email ou via <a href=\"https:\/\/skiddis.se\/fr\/kontakta\/\"><strong>le<\/strong> <strong>formulaire de contact<\/strong><\/a>.<br \/>Les frais de port de retour sont \u00e0 votre charge. L\u2019emballage \u00e9co-responsable utilis\u00e9 pour vous envoyer les Produits est con\u00e7u pour \u00eatre r\u00e9utilis\u00e9 en cas de retour Produit.\u00a0<\/p>\n<p>Nous vous conseillons de nous renvoyer les Produits avec suivi. Nous n\u2019acceptons pas les retours envoy\u00e9s en point relais ou \u00e9quivalent. Si un Produit retourn\u00e9 n\u2019est pas approuv\u00e9, il vous sera renvoy\u00e9. Les frais de port de ce retour seront \u00e0 votre charge.<\/p>\n<p>Voici l\u2019adresse de retour :<br \/>Skiddis of Sweden AB<br \/>Bergmov\u00e4gen 4<br \/>146 38 Tullinge<br \/>SUEDE<\/p>\n<h3><strong>Colis non r\u00e9clam\u00e9s<\/strong><\/h3>\n<p>Vous disposez d\u2019un d\u00e9lai de\u00a0<b data-path-to-node=\"3\" data-index-in-node=\"97\">7 jours<\/b>\u00a0pour retirer votre colis avant qu\u2019il ne nous soit retourn\u00e9. Pour tout colis non r\u00e9cup\u00e9r\u00e9, des frais de\u00a0<b data-path-to-node=\"3\" data-index-in-node=\"208\">14,90 \u20ac<\/b>\u00a0seront factur\u00e9s afin de couvrir les frais d\u2019exp\u00e9dition, de manutention ainsi que les frais de retour appliqu\u00e9s par les transporteurs (PostNord, DHL, etc.).<\/p>\n<h3><strong>Remboursements<\/strong><\/h3>\n<p>Une fois votre retour r\u00e9ceptionn\u00e9 et valid\u00e9 par nos soins, vous serez rembours\u00e9. Un email vous sera adress\u00e9 pour confirmer le remboursement. Si le retour n\u2019est pas accept\u00e9, nous prendrons contact avec vous par email pour en expliquer la raison. Les frais de port ne seront pas rembours\u00e9s, sauf erreur de notre part.<\/p>\n<p>Le remboursement\u00a0se fera directement par cr\u00e9dit sur le compte bancaire attach\u00e9 \u00e0 la carte bancaire utilis\u00e9e au moment de l\u2019achat. Veuillez noter que le remboursement mettra entre 5-10 jours avant d\u2019appara\u00eetre sur votre rel\u00e9v\u00e9 de compte.\u00a0<\/p>\n<h3><strong>Echanges<\/strong><\/h3>\n<p>Les \u00e9changes de taille et\/ou de couleur sont gratuits \u00e0 l\u2019exception des frais de port de retour du Produit \u00e0 \u00e9changer qui sont \u00e0 votre charge.<\/p>\n<h3><strong>Besoin d\u2019aide?<\/strong><\/h3>\n<p>N\u2019h\u00e9sitez pas \u00e0\u00a0<strong><a href=\"https:\/\/skiddis.se\/fr\/kontakta\/\">nous contacter<\/a>.<\/strong><\/p>\n<p><!-- \/wp:paragraph --><\/p>\n<p><!-- wp:paragraph --><\/p>\n<p><!-- \/wp:paragraph --><\/p>\t\t\t\t\t\t\t\t<\/div>\n\t\t\t\t<\/div>\n\t\t\t\t<\/div>\n\t\t\t\t<\/section>\n\t\t\t\t<\/div>","protected":false},"excerpt":{"rendered":"<p>\u00c5terbetalnings- och returpolicy \u00d6ppet k\u00f6p och returer Efter mottagandet av er best\u00e4llning har ni \u00f6ppet k\u00f6p i 30 dagar.\u00a0 Varan [&hellip;]<\/p>","protected":false},"author":17,"featured_media":0,"parent":0,"menu_order":0,"comment_status":"closed","ping_status":"closed","template":"","meta":{"site-sidebar-layout":"default","site-content-layout":"","ast-site-content-layout":"default","site-content-style":"default","site-sidebar-style":"default","ast-global-header-display":"","ast-banner-title-visibility":"","ast-main-header-display":"","ast-hfb-above-header-display":"","ast-hfb-below-header-display":"","ast-hfb-mobile-header-display":"","site-post-title":"","ast-breadcrumbs-content":"","ast-featured-img":"","footer-sml-layout":"","ast-disable-related-posts":"","theme-transparent-header-meta":"","adv-header-id-meta":"","stick-header-meta":"","header-above-stick-meta":"","header-main-stick-meta":"","header-below-stick-meta":"","astra-migrate-meta-layouts":"default","ast-page-background-enabled":"default","ast-page-background-meta":{"desktop":{"background-color":"var(--ast-global-color-5)","background-image":"","background-repeat":"repeat","background-position":"center center","background-size":"auto","background-attachment":"scroll","background-type":"","background-media":"","overlay-type":"","overlay-color":"","overlay-opacity":"","overlay-gradient":""},"tablet":{"background-color":"","background-image":"","background-repeat":"repeat","background-position":"center center","background-size":"auto","background-attachment":"scroll","background-type":"","background-media":"","overlay-type":"","overlay-color":"","overlay-opacity":"","overlay-gradient":""},"mobile":{"background-color":"","background-image":"","background-repeat":"repeat","background-position":"center center","background-size":"auto","background-attachment":"scroll","background-type":"","background-media":"","overlay-type":"","overlay-color":"","overlay-opacity":"","overlay-gradient":""}},"ast-content-background-meta":{"desktop":{"background-color":"var(--ast-global-color-4)","background-image":"","background-repeat":"repeat","background-position":"center center","background-size":"auto","background-attachment":"scroll","background-type":"","background-media":"","overlay-type":"","overlay-color":"","overlay-opacity":"","overlay-gradient":""},"tablet":{"background-color":"var(--ast-global-color-4)","background-image":"","background-repeat":"repeat","background-position":"center center","background-size":"auto","background-attachment":"scroll","background-type":"","background-media":"","overlay-type":"","overlay-color":"","overlay-opacity":"","overlay-gradient":""},"mobile":{"background-color":"var(--ast-global-color-4)","background-image":"","background-repeat":"repeat","background-position":"center center","background-size":"auto","background-attachment":"scroll","background-type":"","background-media":"","overlay-type":"","overlay-color":"","overlay-opacity":"","overlay-gradient":""}},"footnotes":""},"class_list":["post-4078","page","type-page","status-publish","hentry"],"_links":{"self":[{"href":"https:\/\/skiddis.se\/fr\/wp-json\/wp\/v2\/pages\/4078","targetHints":{"allow":["GET"]}}],"collection":[{"href":"https:\/\/skiddis.se\/fr\/wp-json\/wp\/v2\/pages"}],"about":[{"href":"https:\/\/skiddis.se\/fr\/wp-json\/wp\/v2\/types\/page"}],"author":[{"embeddable":true,"href":"https:\/\/skiddis.se\/fr\/wp-json\/wp\/v2\/users\/17"}],"replies":[{"embeddable":true,"href":"https:\/\/skiddis.se\/fr\/wp-json\/wp\/v2\/comments?post=4078"}],"version-history":[{"count":49,"href":"https:\/\/skiddis.se\/fr\/wp-json\/wp\/v2\/pages\/4078\/revisions"}],"predecessor-version":[{"id":5374,"href":"https:\/\/skiddis.se\/fr\/wp-json\/wp\/v2\/pages\/4078\/revisions\/5374"}],"wp:attachment":[{"href":"https:\/\/skiddis.se\/fr\/wp-json\/wp\/v2\/media?parent=4078"}],"curies":[{"name":"wp","href":"https:\/\/api.w.org\/{rel}","templated":true}]}}