{"id":4084,"date":"2025-12-12T12:02:09","date_gmt":"2025-12-12T11:02:09","guid":{"rendered":"https:\/\/skiddis.se\/skiddis-filosofi-2\/"},"modified":"2026-03-04T21:41:46","modified_gmt":"2026-03-04T20:41:46","slug":"skiddis-filosofi","status":"publish","type":"page","link":"https:\/\/skiddis.se\/fr\/skiddis-filosofi\/","title":{"rendered":"Skiddis filosofi"},"content":{"rendered":"<div data-elementor-type=\"wp-page\" data-elementor-id=\"4084\" class=\"elementor elementor-4084\" data-elementor-post-type=\"page\">\n\t\t\t\t<div class=\"elementor-element elementor-element-5aec11b7 e-con-full e-flex e-con e-parent\" data-id=\"5aec11b7\" data-element_type=\"container\" data-settings=\"{&quot;background_background&quot;:&quot;classic&quot;}\">\n\t\t<section class=\"elementor-element elementor-element-14d44d8 e-con-full e-flex e-con e-child\" data-id=\"14d44d8\" data-element_type=\"container\" data-settings=\"{&quot;background_background&quot;:&quot;classic&quot;}\">\n\t\t<div class=\"elementor-element elementor-element-30a97223 e-con-full e-flex e-con e-child\" data-id=\"30a97223\" data-element_type=\"container\">\n\t\t\t\t<div class=\"elementor-element elementor-element-2b23b40 elementor-widget elementor-widget-heading\" data-id=\"2b23b40\" data-element_type=\"widget\" data-widget_type=\"heading.default\">\n\t\t\t\t<div class=\"elementor-widget-container\">\n\t\t\t\t\t<h1 class=\"elementor-heading-title elementor-size-default\">Notre philosophie<\/h1>\t\t\t\t<\/div>\n\t\t\t\t<\/div>\n\t\t\t\t<div class=\"elementor-element elementor-element-45f0fca6 elementor-widget elementor-widget-text-editor\" data-id=\"45f0fca6\" data-element_type=\"widget\" data-widget_type=\"text-editor.default\">\n\t\t\t\t<div class=\"elementor-widget-container\">\n\t\t\t\t\t\t\t\t\t<p>Nous avons cr\u00e9\u00e9 Skiddis avec une id\u00e9e simple :\npermettre aux enfants de jouer dehors par tous les temps, sans que la plan\u00e8te en paie le prix.\nPour nous, la durabilit\u00e9 n\u2019est pas une tendance, mais une responsabilit\u00e9.<\/p>\t\t\t\t\t\t\t\t<\/div>\n\t\t\t\t<\/div>\n\t\t\t\t<\/div>\n\t\t\t\t<\/section>\n\t\t<section class=\"elementor-element elementor-element-1173f805 e-con-full e-flex e-con e-child\" data-id=\"1173f805\" data-element_type=\"container\" data-settings=\"{&quot;background_background&quot;:&quot;classic&quot;}\">\n\t\t\t\t<div class=\"elementor-element elementor-element-10595c38 elementor-widget elementor-widget-image\" data-id=\"10595c38\" data-element_type=\"widget\" data-widget_type=\"image.default\">\n\t\t\t\t<div class=\"elementor-widget-container\">\n\t\t\t\t\t\t\t\t\t\t\t\t\t\t\t<img decoding=\"async\" width=\"140\" height=\"140\" src=\"https:\/\/skiddis.se\/wp-content\/uploads\/2025\/12\/autmn-icon.png\" class=\"attachment-medium size-medium wp-image-3869\" alt=\"\" srcset=\"https:\/\/skiddis.se\/wp-content\/uploads\/2025\/12\/autmn-icon.png 140w, https:\/\/skiddis.se\/wp-content\/uploads\/2025\/12\/autmn-icon-100x100.png 100w\" sizes=\"(max-width: 140px) 100vw, 140px\" \/>\t\t\t\t\t\t\t\t\t\t\t\t\t\t\t<\/div>\n\t\t\t\t<\/div>\n\t\t\t\t<div class=\"elementor-element elementor-element-1fe370e6 elementor-widget elementor-widget-image\" data-id=\"1fe370e6\" data-element_type=\"widget\" data-widget_type=\"image.default\">\n\t\t\t\t<div class=\"elementor-widget-container\">\n\t\t\t\t\t\t\t\t\t\t\t\t\t\t\t<img decoding=\"async\" width=\"140\" height=\"140\" src=\"https:\/\/skiddis.se\/wp-content\/uploads\/2025\/12\/rain-icon.png\" class=\"attachment-medium size-medium wp-image-3873\" alt=\"\" srcset=\"https:\/\/skiddis.se\/wp-content\/uploads\/2025\/12\/rain-icon.png 140w, https:\/\/skiddis.se\/wp-content\/uploads\/2025\/12\/rain-icon-100x100.png 100w\" sizes=\"(max-width: 140px) 100vw, 140px\" \/>\t\t\t\t\t\t\t\t\t\t\t\t\t\t\t<\/div>\n\t\t\t\t<\/div>\n\t\t\t\t<div class=\"elementor-element elementor-element-52007588 elementor-widget elementor-widget-image\" data-id=\"52007588\" data-element_type=\"widget\" data-widget_type=\"image.default\">\n\t\t\t\t<div class=\"elementor-widget-container\">\n\t\t\t\t\t\t\t\t\t\t\t\t\t\t\t<img decoding=\"async\" width=\"140\" height=\"140\" src=\"https:\/\/skiddis.se\/wp-content\/uploads\/2025\/12\/summer-icon.png\" class=\"attachment-medium size-medium wp-image-4035\" alt=\"\" srcset=\"https:\/\/skiddis.se\/wp-content\/uploads\/2025\/12\/summer-icon.png 140w, https:\/\/skiddis.se\/wp-content\/uploads\/2025\/12\/summer-icon-100x100.png 100w, https:\/\/skiddis.se\/wp-content\/uploads\/2025\/12\/summer-icon-50x50.png 50w\" sizes=\"(max-width: 140px) 100vw, 140px\" \/>\t\t\t\t\t\t\t\t\t\t\t\t\t\t\t<\/div>\n\t\t\t\t<\/div>\n\t\t\t\t<div class=\"elementor-element elementor-element-6e41ebc9 elementor-widget elementor-widget-image\" data-id=\"6e41ebc9\" data-element_type=\"widget\" data-widget_type=\"image.default\">\n\t\t\t\t<div class=\"elementor-widget-container\">\n\t\t\t\t\t\t\t\t\t\t\t\t\t\t\t<img loading=\"lazy\" decoding=\"async\" width=\"140\" height=\"140\" src=\"https:\/\/skiddis.se\/wp-content\/uploads\/2025\/12\/winter-icon.png\" class=\"attachment-medium size-medium wp-image-4036\" alt=\"\" srcset=\"https:\/\/skiddis.se\/wp-content\/uploads\/2025\/12\/winter-icon.png 140w, https:\/\/skiddis.se\/wp-content\/uploads\/2025\/12\/winter-icon-100x100.png 100w, https:\/\/skiddis.se\/wp-content\/uploads\/2025\/12\/winter-icon-50x50.png 50w\" sizes=\"(max-width: 140px) 100vw, 140px\" \/>\t\t\t\t\t\t\t\t\t\t\t\t\t\t\t<\/div>\n\t\t\t\t<\/div>\n\t\t\t\t<\/section>\n\t\t<section class=\"elementor-element elementor-element-7c36b5d6 e-flex e-con-boxed e-con e-child\" data-id=\"7c36b5d6\" data-element_type=\"container\" data-settings=\"{&quot;background_background&quot;:&quot;classic&quot;}\">\n\t\t\t\t\t<div class=\"e-con-inner\">\n\t\t<div class=\"elementor-element elementor-element-76e0e2e4 e-con-full e-flex e-con e-child\" data-id=\"76e0e2e4\" data-element_type=\"container\">\n\t\t\t\t<div class=\"elementor-element elementor-element-1601ef64 elementor-widget elementor-widget-text-editor\" data-id=\"1601ef64\" data-element_type=\"widget\" data-widget_type=\"text-editor.default\">\n\t\t\t\t<div class=\"elementor-widget-container\">\n\t\t\t\t\t\t\t\t\t<p>C'est pourquoi nous produisons \u00e0 proximit\u00e9, avec des partenaires europ\u00e9ens qui partagent nos valeurs. Nous s\u00e9lectionnons des mat\u00e9riaux recycl\u00e9s, et recyclables autant que possible, pour cr\u00e9er des v\u00eatements con\u00e7us pour durer et se transmettre. Chaque d\u00e9tail, du choix des boutons \u00e0 l'\u00e9lastique sous les pieds, jusqu'\u00e0 l'enveloppe pour vos envois, est pens\u00e9 avec soin.<\/p><p>Nous croyons en des v\u00eatements utiles, performants et fiables.\nDes v\u00eatements qui fonctionnent dans la vraie vie\net qui laissent les enfants \u00eatre simplement des enfants: curieux, libres et toujours pr\u00eats pour la prochaine aventure.<\/p>\t\t\t\t\t\t\t\t<\/div>\n\t\t\t\t<\/div>\n\t\t\t\t<\/div>\n\t\t\t\t\t<\/div>\n\t\t\t\t<\/section>\n\t\t<section class=\"elementor-element elementor-element-511ebac6 e-con-full e-flex e-con e-child\" data-id=\"511ebac6\" data-element_type=\"container\" data-settings=\"{&quot;background_background&quot;:&quot;classic&quot;}\">\n\t\t<section class=\"elementor-element elementor-element-73763730 e-con-full e-flex e-con e-child\" data-id=\"73763730\" data-element_type=\"container\" data-settings=\"{&quot;background_background&quot;:&quot;classic&quot;}\">\n\t\t\t\t<div class=\"elementor-element elementor-element-41f1102 elementor-widget elementor-widget-heading\" data-id=\"41f1102\" data-element_type=\"widget\" data-widget_type=\"heading.default\">\n\t\t\t\t<div class=\"elementor-widget-container\">\n\t\t\t\t\t<h4 class=\"elementor-heading-title elementor-size-default\">Skiddis - Sympatex<\/h4>\t\t\t\t<\/div>\n\t\t\t\t<\/div>\n\t\t\t\t<div class=\"elementor-element elementor-element-f0074fb elementor-widget elementor-widget-video\" data-id=\"f0074fb\" data-element_type=\"widget\" data-settings=\"{&quot;video_type&quot;:&quot;vimeo&quot;}\" data-widget_type=\"video.default\">\n\t\t\t\t<div class=\"elementor-widget-container\">\n\t\t\t\t\t\t\t<div class=\"elementor-wrapper elementor-open-inline\">\n\t\t\t<iframe class=\"elementor-video-iframe\" allowfullscreen allow=\"clipboard-write\" title=\"Lecteur vid\u00e9o vimeo\" src=\"https:\/\/player.vimeo.com\/video\/705547719?color&amp;autopause=0&amp;loop=0&amp;muted=0&amp;title=1&amp;portrait=1&amp;byline=1#t=\"><\/iframe>\t\t<\/div>\n\t\t\t\t\t\t<\/div>\n\t\t\t\t<\/div>\n\t\t\t\t<\/section>\n\t\t\t\t<\/section>\n\t\t<section class=\"elementor-element elementor-element-ac2dc64 e-con-full e-flex e-con e-child\" data-id=\"ac2dc64\" data-element_type=\"container\" data-settings=\"{&quot;background_background&quot;:&quot;classic&quot;}\">\n\t\t<div class=\"elementor-element elementor-element-7cc1f0ff e-con-full e-flex e-con e-child\" data-id=\"7cc1f0ff\" data-element_type=\"container\">\n\t\t\t\t<div class=\"elementor-element elementor-element-622e57c8 elementor-widget elementor-widget-heading\" data-id=\"622e57c8\" data-element_type=\"widget\" data-widget_type=\"heading.default\">\n\t\t\t\t<div class=\"elementor-widget-container\">\n\t\t\t\t\t<h3 class=\"elementor-heading-title elementor-size-default\">Jouer \u00e0 la maison, c\u2019est bien. Jouer dehors, c'est essentiel.<\/h3>\t\t\t\t<\/div>\n\t\t\t\t<\/div>\n\t\t\t\t<div class=\"elementor-element elementor-element-58c25793 elementor-widget elementor-widget-text-editor\" data-id=\"58c25793\" data-element_type=\"widget\" data-widget_type=\"text-editor.default\">\n\t\t\t\t<div class=\"elementor-widget-container\">\n\t\t\t\t\t\t\t\t\t<p><span style=\"font-style: inherit; font-weight: inherit;\">Qu\u2019il s\u2019agisse d\u2019un jardin, d\u2019une cour d\u2019\u00e9cole ou d\u2019un sentier de for\u00eat, l'ext\u00e9rieur est un terrain de jeu extraordinaire. C\u2019est l\u00e0 que les enfants d\u00e9veloppent leur motricit\u00e9, leur cr\u00e9ativit\u00e9 et leur confiance. \n\nC\u2019est l\u00e0 que Skiddis trouve tout son sens : au c\u0153ur du jeu, par tous les temps.<\/span><\/p>\t\t\t\t\t\t\t\t<\/div>\n\t\t\t\t<\/div>\n\t\t\t\t<div class=\"elementor-element elementor-element-6f40d97 elementor-widget__width-initial elementor-widget elementor-widget-text-editor\" data-id=\"6f40d97\" data-element_type=\"widget\" data-no-translation=\"\" data-widget_type=\"text-editor.default\">\n\t\t\t\t<div class=\"elementor-widget-container\">\n\t\t\t\t\t<style>.elementor-element-6f40d97{display:none !important}<\/style>\t\t\t\t<\/div>\n\t\t\t\t<\/div>\n\t\t\t\t<div class=\"elementor-element elementor-element-5e7ad25 elementor-widget__width-initial elementor-widget elementor-widget-text-editor\" data-id=\"5e7ad25\" data-element_type=\"widget\" data-widget_type=\"text-editor.default\">\n\t\t\t\t<div class=\"elementor-widget-container\">\n\t\t\t\t\t\t\t\t\t<p>Nolwenn <br \/>Fondatrice de Skiddis<\/p>\t\t\t\t\t\t\t\t<\/div>\n\t\t\t\t<\/div>\n\t\t\t\t<\/div>\n\t\t\t\t<\/section>\n\t\t<section class=\"elementor-element elementor-element-6ff6c3ee e-con-full e-flex e-con e-child\" data-id=\"6ff6c3ee\" data-element_type=\"container\" data-settings=\"{&quot;background_background&quot;:&quot;classic&quot;}\">\n\t\t\t\t<div class=\"elementor-element elementor-element-4f911877 elementor-widget elementor-widget-button\" data-id=\"4f911877\" data-element_type=\"widget\" data-widget_type=\"button.default\">\n\t\t\t\t<div class=\"elementor-widget-container\">\n\t\t\t\t\t\t\t\t\t<div class=\"elementor-button-wrapper\">\n\t\t\t\t\t<a class=\"elementor-button elementor-button-link elementor-size-sm\" href=\"https:\/\/skiddis.se\/fr\/butik\/skalbyxa-skiddis\/\">\n\t\t\t\t\t\t<span class=\"elementor-button-content-wrapper\">\n\t\t\t\t\t\t\t\t\t<span class=\"elementor-button-text\">Acc\u00e9der \u00e0 la boutique<\/span>\n\t\t\t\t\t<\/span>\n\t\t\t\t\t<\/a>\n\t\t\t\t<\/div>\n\t\t\t\t\t\t\t\t<\/div>\n\t\t\t\t<\/div>\n\t\t\t\t<\/section>\n\t\t\t\t<\/div>\n\t\t\t\t<\/div>","protected":false},"excerpt":{"rendered":"<p>V\u00e5r filosofi Vi startade Skiddis med en enkel id\u00e9: barn ska kunna leka ute i alla v\u00e4der utan att milj\u00f6n [&hellip;]<\/p>","protected":false},"author":17,"featured_media":0,"parent":0,"menu_order":0,"comment_status":"closed","ping_status":"closed","template":"","meta":{"site-sidebar-layout":"default","site-content-layout":"","ast-site-content-layout":"default","site-content-style":"default","site-sidebar-style":"default","ast-global-header-display":"","ast-banner-title-visibility":"","ast-main-header-display":"","ast-hfb-above-header-display":"","ast-hfb-below-header-display":"","ast-hfb-mobile-header-display":"","site-post-title":"","ast-breadcrumbs-content":"","ast-featured-img":"","footer-sml-layout":"","ast-disable-related-posts":"","theme-transparent-header-meta":"","adv-header-id-meta":"","stick-header-meta":"","header-above-stick-meta":"","header-main-stick-meta":"","header-below-stick-meta":"","astra-migrate-meta-layouts":"default","ast-page-background-enabled":"default","ast-page-background-meta":{"desktop":{"background-color":"var(--ast-global-color-5)","background-image":"","background-repeat":"repeat","background-position":"center center","background-size":"auto","background-attachment":"scroll","background-type":"","background-media":"","overlay-type":"","overlay-color":"","overlay-opacity":"","overlay-gradient":""},"tablet":{"background-color":"","background-image":"","background-repeat":"repeat","background-position":"center center","background-size":"auto","background-attachment":"scroll","background-type":"","background-media":"","overlay-type":"","overlay-color":"","overlay-opacity":"","overlay-gradient":""},"mobile":{"background-color":"","background-image":"","background-repeat":"repeat","background-position":"center center","background-size":"auto","background-attachment":"scroll","background-type":"","background-media":"","overlay-type":"","overlay-color":"","overlay-opacity":"","overlay-gradient":""}},"ast-content-background-meta":{"desktop":{"background-color":"var(--ast-global-color-4)","background-image":"","background-repeat":"repeat","background-position":"center center","background-size":"auto","background-attachment":"scroll","background-type":"","background-media":"","overlay-type":"","overlay-color":"","overlay-opacity":"","overlay-gradient":""},"tablet":{"background-color":"var(--ast-global-color-4)","background-image":"","background-repeat":"repeat","background-position":"center center","background-size":"auto","background-attachment":"scroll","background-type":"","background-media":"","overlay-type":"","overlay-color":"","overlay-opacity":"","overlay-gradient":""},"mobile":{"background-color":"var(--ast-global-color-4)","background-image":"","background-repeat":"repeat","background-position":"center center","background-size":"auto","background-attachment":"scroll","background-type":"","background-media":"","overlay-type":"","overlay-color":"","overlay-opacity":"","overlay-gradient":""}},"footnotes":""},"class_list":["post-4084","page","type-page","status-publish","hentry"],"_links":{"self":[{"href":"https:\/\/skiddis.se\/fr\/wp-json\/wp\/v2\/pages\/4084","targetHints":{"allow":["GET"]}}],"collection":[{"href":"https:\/\/skiddis.se\/fr\/wp-json\/wp\/v2\/pages"}],"about":[{"href":"https:\/\/skiddis.se\/fr\/wp-json\/wp\/v2\/types\/page"}],"author":[{"embeddable":true,"href":"https:\/\/skiddis.se\/fr\/wp-json\/wp\/v2\/users\/17"}],"replies":[{"embeddable":true,"href":"https:\/\/skiddis.se\/fr\/wp-json\/wp\/v2\/comments?post=4084"}],"version-history":[{"count":43,"href":"https:\/\/skiddis.se\/fr\/wp-json\/wp\/v2\/pages\/4084\/revisions"}],"predecessor-version":[{"id":5283,"href":"https:\/\/skiddis.se\/fr\/wp-json\/wp\/v2\/pages\/4084\/revisions\/5283"}],"wp:attachment":[{"href":"https:\/\/skiddis.se\/fr\/wp-json\/wp\/v2\/media?parent=4084"}],"curies":[{"name":"wp","href":"https:\/\/api.w.org\/{rel}","templated":true}]}}