{"id":4092,"date":"2025-12-12T12:02:11","date_gmt":"2025-12-12T11:02:11","guid":{"rendered":"https:\/\/skiddis.se\/vara-tygmaterial\/"},"modified":"2026-03-11T16:13:21","modified_gmt":"2026-03-11T15:13:21","slug":"tygmaterial","status":"publish","type":"page","link":"https:\/\/skiddis.se\/fr\/tygmaterial\/","title":{"rendered":"V\u00e5ra tygmaterial"},"content":{"rendered":"<div data-elementor-type=\"wp-page\" data-elementor-id=\"4092\" class=\"elementor elementor-4092\" data-elementor-post-type=\"page\">\n\t\t\t\t<div class=\"elementor-element elementor-element-26fabe11 e-con-full e-flex e-con e-parent\" data-id=\"26fabe11\" data-element_type=\"container\" data-settings=\"{&quot;background_background&quot;:&quot;classic&quot;}\">\n\t\t<div class=\"elementor-element elementor-element-5f0c31f6 e-con-full e-flex e-con e-child\" data-id=\"5f0c31f6\" data-element_type=\"container\" data-settings=\"{&quot;background_background&quot;:&quot;classic&quot;}\">\n\t\t<div class=\"elementor-element elementor-element-240f2ed1 e-con-full e-flex e-con e-child\" data-id=\"240f2ed1\" data-element_type=\"container\">\n\t\t\t\t<div class=\"elementor-element elementor-element-14a4efb8 elementor-widget elementor-widget-heading\" data-id=\"14a4efb8\" data-element_type=\"widget\" data-widget_type=\"heading.default\">\n\t\t\t\t<div class=\"elementor-widget-container\">\n\t\t\t\t\t<h1 class=\"elementor-heading-title elementor-size-default\">Nos mat\u00e9riaux<\/h1>\t\t\t\t<\/div>\n\t\t\t\t<\/div>\n\t\t\t\t<div class=\"elementor-element elementor-element-2db8f13e elementor-widget elementor-widget-text-editor\" data-id=\"2db8f13e\" data-element_type=\"widget\" data-widget_type=\"text-editor.default\">\n\t\t\t\t<div class=\"elementor-widget-container\">\n\t\t\t\t\t\t\t\t\t<p>Les v\u00eatements d'un enfant doivent r\u00e9sister \u00e0 tout. C'est pourquoi nous avons choisi des mat\u00e9riaux qui permettent de jouer, grimper, tomber et se relever, encore et encore. Au c\u0153ur du surpantalon Skiddis se trouve un tissu technique \u00e0 trois couches qui combine r\u00e9sistance, confort et une protection totale par tous les temps.<\/p><p data-path-to-node=\"5\">Le surpantalon Skiddis est con\u00e7u dans un tissu technique \u00e0 3 couches avec des coutures thermosoud\u00e9es:<\/p><ul data-path-to-node=\"6\"><li><p data-path-to-node=\"6,0,0\"><b data-path-to-node=\"6,0,0\" data-index-in-node=\"0\">couche 1 (ext\u00e9rieure):<\/b> un tissu souple et tr\u00e8s r\u00e9sistant qui prot\u00e8ge du vent et de l'humidit\u00e9. Il b\u00e9n\u00e9ficie d'un traitement d\u00e9perlant de derni\u00e8re g\u00e9n\u00e9ration respectueux de l'environnement, sans substances nocives (sans PFC ni PTFE).<\/p><\/li><li><p data-path-to-node=\"6,1,0\"><b data-path-to-node=\"6,1,0\" data-index-in-node=\"0\">couche 2 (milieu):<\/b> la membrane haute performance <b data-path-to-node=\"6,1,0\" data-index-in-node=\"53\">Sympatex\u00ae<\/b>. C'est cette couche qui rend le tissu totalement imperm\u00e9able et coupe-vent, tout en le rendant respirant pour \u00e9vacuer la chaleur et l'humidit\u00e9 g\u00e9n\u00e9r\u00e9es par l'activit\u00e9 de votre enfant.<\/p><\/li><li><p data-path-to-node=\"6,2,0\"><b data-path-to-node=\"6,2,0\" data-index-in-node=\"0\">couche 3 (int\u00e9rieure):<\/b> une couche douce et agr\u00e9able au contact de la peau qui prot\u00e8ge la membrane de l'int\u00e9rieur et assure un confort maximal.<\/p><\/li><\/ul><p data-path-to-node=\"7\">Parce que nous voulons que vos v\u00eatements durent le plus longtemps possible, nous avons renforc\u00e9 les zones les plus expos\u00e9es avec un tissu ultra-solide. Ainsi, le pantalon r\u00e9siste \u00e0 toutes les aventures, m\u00eame les plus intr\u00e9pides, ann\u00e9e apr\u00e8s ann\u00e9e.<\/p>\t\t\t\t\t\t\t\t<\/div>\n\t\t\t\t<\/div>\n\t\t\t\t<\/div>\n\t\t\t\t<\/div>\n\t\t<div class=\"elementor-element elementor-element-5d4f893c e-con-full e-flex e-con e-child\" data-id=\"5d4f893c\" data-element_type=\"container\" data-settings=\"{&quot;background_background&quot;:&quot;classic&quot;}\">\n\t\t<div class=\"elementor-element elementor-element-717510eb e-con-full e-flex e-con e-child\" data-id=\"717510eb\" data-element_type=\"container\">\n\t\t\t\t<div class=\"elementor-element elementor-element-31860389 elementor-widget elementor-widget-image\" data-id=\"31860389\" data-element_type=\"widget\" data-widget_type=\"image.default\">\n\t\t\t\t<div class=\"elementor-widget-container\">\n\t\t\t\t\t\t\t\t\t\t\t\t\t\t\t<img fetchpriority=\"high\" decoding=\"async\" width=\"1024\" height=\"724\" src=\"https:\/\/skiddis.se\/wp-content\/uploads\/2022\/04\/tissu-sympatex-construction-3-couches.jpg\" class=\"attachment-large size-large wp-image-4055\" alt=\"Sympatex 3-lagerskonstruktion\" srcset=\"https:\/\/skiddis.se\/wp-content\/uploads\/2022\/04\/tissu-sympatex-construction-3-couches.jpg 2000w, https:\/\/skiddis.se\/wp-content\/uploads\/2022\/04\/tissu-sympatex-construction-3-couches-300x212.jpg 300w, https:\/\/skiddis.se\/wp-content\/uploads\/2022\/04\/tissu-sympatex-construction-3-couches-600x424.jpg 600w, https:\/\/skiddis.se\/wp-content\/uploads\/2022\/04\/tissu-sympatex-construction-3-couches-1024x724.jpg 1024w, https:\/\/skiddis.se\/wp-content\/uploads\/2022\/04\/tissu-sympatex-construction-3-couches-768x543.jpg 768w, https:\/\/skiddis.se\/wp-content\/uploads\/2022\/04\/tissu-sympatex-construction-3-couches-1536x1086.jpg 1536w, https:\/\/skiddis.se\/wp-content\/uploads\/2022\/04\/tissu-sympatex-construction-3-couches-920x650.jpg 920w, https:\/\/skiddis.se\/wp-content\/uploads\/2022\/04\/tissu-sympatex-construction-3-couches-230x163.jpg 230w, https:\/\/skiddis.se\/wp-content\/uploads\/2022\/04\/tissu-sympatex-construction-3-couches-350x247.jpg 350w, https:\/\/skiddis.se\/wp-content\/uploads\/2022\/04\/tissu-sympatex-construction-3-couches-480x339.jpg 480w\" sizes=\"(max-width: 1024px) 100vw, 1024px\" \/>\t\t\t\t\t\t\t\t\t\t\t\t\t\t\t<\/div>\n\t\t\t\t<\/div>\n\t\t\t\t<\/div>\n\t\t<div class=\"elementor-element elementor-element-152f38cc e-con-full e-flex e-con e-child\" data-id=\"152f38cc\" data-element_type=\"container\">\n\t\t\t\t<div class=\"elementor-element elementor-element-5ceb7ea6 elementor-widget elementor-widget-image\" data-id=\"5ceb7ea6\" data-element_type=\"widget\" data-widget_type=\"image.default\">\n\t\t\t\t<div class=\"elementor-widget-container\">\n\t\t\t\t\t\t\t\t\t\t\t\t\t\t\t<img decoding=\"async\" width=\"1024\" height=\"724\" src=\"https:\/\/skiddis.se\/wp-content\/uploads\/2022\/04\/tissu-sympatex-fonction-fleche-impermeable.jpg\" class=\"attachment-large size-large wp-image-4048\" alt=\"\" srcset=\"https:\/\/skiddis.se\/wp-content\/uploads\/2022\/04\/tissu-sympatex-fonction-fleche-impermeable.jpg 1500w, https:\/\/skiddis.se\/wp-content\/uploads\/2022\/04\/tissu-sympatex-fonction-fleche-impermeable-300x212.jpg 300w, https:\/\/skiddis.se\/wp-content\/uploads\/2022\/04\/tissu-sympatex-fonction-fleche-impermeable-600x424.jpg 600w, https:\/\/skiddis.se\/wp-content\/uploads\/2022\/04\/tissu-sympatex-fonction-fleche-impermeable-1024x724.jpg 1024w, https:\/\/skiddis.se\/wp-content\/uploads\/2022\/04\/tissu-sympatex-fonction-fleche-impermeable-768x543.jpg 768w, https:\/\/skiddis.se\/wp-content\/uploads\/2022\/04\/tissu-sympatex-fonction-fleche-impermeable-920x650.jpg 920w, https:\/\/skiddis.se\/wp-content\/uploads\/2022\/04\/tissu-sympatex-fonction-fleche-impermeable-230x163.jpg 230w, https:\/\/skiddis.se\/wp-content\/uploads\/2022\/04\/tissu-sympatex-fonction-fleche-impermeable-350x247.jpg 350w, https:\/\/skiddis.se\/wp-content\/uploads\/2022\/04\/tissu-sympatex-fonction-fleche-impermeable-480x339.jpg 480w\" sizes=\"(max-width: 1024px) 100vw, 1024px\" \/>\t\t\t\t\t\t\t\t\t\t\t\t\t\t\t<\/div>\n\t\t\t\t<\/div>\n\t\t\t\t<div class=\"elementor-element elementor-element-1de5e474 elementor-widget elementor-widget-image\" data-id=\"1de5e474\" data-element_type=\"widget\" data-widget_type=\"image.default\">\n\t\t\t\t<div class=\"elementor-widget-container\">\n\t\t\t\t\t\t\t\t\t\t\t\t\t\t\t<img decoding=\"async\" width=\"1024\" height=\"724\" src=\"https:\/\/skiddis.se\/wp-content\/uploads\/2022\/04\/tissu-sympatex-fonction-fleche-coupe-vent.jpg\" class=\"attachment-large size-large wp-image-4049\" alt=\"\" srcset=\"https:\/\/skiddis.se\/wp-content\/uploads\/2022\/04\/tissu-sympatex-fonction-fleche-coupe-vent.jpg 1500w, https:\/\/skiddis.se\/wp-content\/uploads\/2022\/04\/tissu-sympatex-fonction-fleche-coupe-vent-300x212.jpg 300w, https:\/\/skiddis.se\/wp-content\/uploads\/2022\/04\/tissu-sympatex-fonction-fleche-coupe-vent-600x424.jpg 600w, https:\/\/skiddis.se\/wp-content\/uploads\/2022\/04\/tissu-sympatex-fonction-fleche-coupe-vent-1024x724.jpg 1024w, https:\/\/skiddis.se\/wp-content\/uploads\/2022\/04\/tissu-sympatex-fonction-fleche-coupe-vent-768x543.jpg 768w, https:\/\/skiddis.se\/wp-content\/uploads\/2022\/04\/tissu-sympatex-fonction-fleche-coupe-vent-920x650.jpg 920w, https:\/\/skiddis.se\/wp-content\/uploads\/2022\/04\/tissu-sympatex-fonction-fleche-coupe-vent-230x163.jpg 230w, https:\/\/skiddis.se\/wp-content\/uploads\/2022\/04\/tissu-sympatex-fonction-fleche-coupe-vent-350x247.jpg 350w, https:\/\/skiddis.se\/wp-content\/uploads\/2022\/04\/tissu-sympatex-fonction-fleche-coupe-vent-480x339.jpg 480w\" sizes=\"(max-width: 1024px) 100vw, 1024px\" \/>\t\t\t\t\t\t\t\t\t\t\t\t\t\t\t<\/div>\n\t\t\t\t<\/div>\n\t\t\t\t<div class=\"elementor-element elementor-element-26d9242f elementor-widget elementor-widget-image\" data-id=\"26d9242f\" data-element_type=\"widget\" data-widget_type=\"image.default\">\n\t\t\t\t<div class=\"elementor-widget-container\">\n\t\t\t\t\t\t\t\t\t\t\t\t\t\t\t<img loading=\"lazy\" decoding=\"async\" width=\"1024\" height=\"724\" src=\"https:\/\/skiddis.se\/wp-content\/uploads\/2022\/04\/tissu-sympatex-fonction-fleche-respirant.jpg\" class=\"attachment-large size-large wp-image-4050\" alt=\"\" srcset=\"https:\/\/skiddis.se\/wp-content\/uploads\/2022\/04\/tissu-sympatex-fonction-fleche-respirant.jpg 1500w, https:\/\/skiddis.se\/wp-content\/uploads\/2022\/04\/tissu-sympatex-fonction-fleche-respirant-300x212.jpg 300w, https:\/\/skiddis.se\/wp-content\/uploads\/2022\/04\/tissu-sympatex-fonction-fleche-respirant-600x424.jpg 600w, https:\/\/skiddis.se\/wp-content\/uploads\/2022\/04\/tissu-sympatex-fonction-fleche-respirant-1024x724.jpg 1024w, https:\/\/skiddis.se\/wp-content\/uploads\/2022\/04\/tissu-sympatex-fonction-fleche-respirant-768x543.jpg 768w, https:\/\/skiddis.se\/wp-content\/uploads\/2022\/04\/tissu-sympatex-fonction-fleche-respirant-920x650.jpg 920w, https:\/\/skiddis.se\/wp-content\/uploads\/2022\/04\/tissu-sympatex-fonction-fleche-respirant-230x163.jpg 230w, https:\/\/skiddis.se\/wp-content\/uploads\/2022\/04\/tissu-sympatex-fonction-fleche-respirant-350x247.jpg 350w, https:\/\/skiddis.se\/wp-content\/uploads\/2022\/04\/tissu-sympatex-fonction-fleche-respirant-480x339.jpg 480w\" sizes=\"(max-width: 1024px) 100vw, 1024px\" \/>\t\t\t\t\t\t\t\t\t\t\t\t\t\t\t<\/div>\n\t\t\t\t<\/div>\n\t\t\t\t<\/div>\n\t\t\t\t<\/div>\n\t\t<div class=\"elementor-element elementor-element-1861a27 e-con-full e-flex e-con e-child\" data-id=\"1861a27\" data-element_type=\"container\">\n\t\t<div class=\"elementor-element elementor-element-60333585 e-con-full e-flex e-con e-child\" data-id=\"60333585\" data-element_type=\"container\" data-settings=\"{&quot;background_background&quot;:&quot;classic&quot;}\">\n\t\t<div class=\"elementor-element elementor-element-42d7f4d4 e-con-full e-flex e-con e-child\" data-id=\"42d7f4d4\" data-element_type=\"container\" data-settings=\"{&quot;background_background&quot;:&quot;classic&quot;}\">\n\t\t\t\t<div class=\"elementor-element elementor-element-1d040f39 elementor-widget elementor-widget-heading\" data-id=\"1d040f39\" data-element_type=\"widget\" data-widget_type=\"heading.default\">\n\t\t\t\t<div class=\"elementor-widget-container\">\n\t\t\t\t\t<h3 class=\"elementor-heading-title elementor-size-default\">Envie d'en savoir plus ?<\/h3>\t\t\t\t<\/div>\n\t\t\t\t<\/div>\n\t\t\t\t<div class=\"elementor-element elementor-element-1b1b4af6 elementor-widget elementor-widget-text-editor\" data-id=\"1b1b4af6\" data-element_type=\"widget\" data-widget_type=\"text-editor.default\">\n\t\t\t\t<div class=\"elementor-widget-container\">\n\t\t\t\t\t\t\t\t\t<p>La technologie de nos mat\u00e9riaux expliqu\u00e9e en images. Voici deux courtes vid\u00e9os pour comprendre le fonctionnement de nos tissus et de la membrane.<\/p>\t\t\t\t\t\t\t\t<\/div>\n\t\t\t\t<\/div>\n\t\t\t\t<\/div>\n\t\t\t\t<\/div>\n\t\t<div class=\"elementor-element elementor-element-a91ad77 e-con-full e-flex e-con e-child\" data-id=\"a91ad77\" data-element_type=\"container\" data-settings=\"{&quot;background_background&quot;:&quot;classic&quot;}\">\n\t\t<div class=\"elementor-element elementor-element-7edd604c e-con-full e-flex e-con e-child\" data-id=\"7edd604c\" data-element_type=\"container\">\n\t\t<div class=\"elementor-element elementor-element-63bb44f5 e-con-full e-flex e-con e-child\" data-id=\"63bb44f5\" data-element_type=\"container\">\n\t\t\t\t<div class=\"elementor-element elementor-element-1651fcdb elementor-widget elementor-widget-text-editor\" data-id=\"1651fcdb\" data-element_type=\"widget\" data-widget_type=\"text-editor.default\">\n\t\t\t\t<div class=\"elementor-widget-container\">\n\t\t\t\t\t\t\t\t\t<h6>Tissus 100% imperm\u00e9ables<\/h6>\t\t\t\t\t\t\t\t<\/div>\n\t\t\t\t<\/div>\n\t\t\t\t<div class=\"elementor-element elementor-element-163b5326 elementor-widget elementor-widget-video\" data-id=\"163b5326\" data-element_type=\"widget\" data-settings=\"{&quot;video_type&quot;:&quot;vimeo&quot;}\" data-widget_type=\"video.default\">\n\t\t\t\t<div class=\"elementor-widget-container\">\n\t\t\t\t\t\t\t<div class=\"elementor-wrapper elementor-open-inline\">\n\t\t\t<iframe class=\"elementor-video-iframe\" allowfullscreen allow=\"clipboard-write\" title=\"Lecteur vid\u00e9o vimeo\" src=\"https:\/\/player.vimeo.com\/video\/824043857?color&amp;autopause=0&amp;loop=0&amp;muted=0&amp;title=1&amp;portrait=1&amp;byline=1#t=\"><\/iframe>\t\t<\/div>\n\t\t\t\t\t\t<\/div>\n\t\t\t\t<\/div>\n\t\t\t\t<\/div>\n\t\t\t\t<\/div>\n\t\t\t\t<\/div>\n\t\t<div class=\"elementor-element elementor-element-a385fea e-con-full e-flex e-con e-child\" data-id=\"a385fea\" data-element_type=\"container\" data-settings=\"{&quot;background_background&quot;:&quot;classic&quot;}\">\n\t\t<div class=\"elementor-element elementor-element-4d35085 e-con-full e-flex e-con e-child\" data-id=\"4d35085\" data-element_type=\"container\">\n\t\t<div class=\"elementor-element elementor-element-a298bdf e-con-full e-flex e-con e-child\" data-id=\"a298bdf\" data-element_type=\"container\">\n\t\t\t\t<div class=\"elementor-element elementor-element-62a71fe elementor-widget elementor-widget-text-editor\" data-id=\"62a71fe\" data-element_type=\"widget\" data-widget_type=\"text-editor.default\">\n\t\t\t\t<div class=\"elementor-widget-container\">\n\t\t\t\t\t\t\t\t\t<h6>Respirant<\/h6>\t\t\t\t\t\t\t\t<\/div>\n\t\t\t\t<\/div>\n\t\t\t\t<div class=\"elementor-element elementor-element-cad03bf elementor-widget elementor-widget-video\" data-id=\"cad03bf\" data-element_type=\"widget\" data-settings=\"{&quot;video_type&quot;:&quot;vimeo&quot;}\" data-widget_type=\"video.default\">\n\t\t\t\t<div class=\"elementor-widget-container\">\n\t\t\t\t\t\t\t<div class=\"elementor-wrapper elementor-open-inline\">\n\t\t\t<iframe class=\"elementor-video-iframe\" allowfullscreen allow=\"clipboard-write\" title=\"Lecteur vid\u00e9o vimeo\" src=\"https:\/\/player.vimeo.com\/video\/824041233?color&amp;autopause=0&amp;loop=0&amp;muted=0&amp;title=1&amp;portrait=1&amp;byline=1#t=\"><\/iframe>\t\t<\/div>\n\t\t\t\t\t\t<\/div>\n\t\t\t\t<\/div>\n\t\t\t\t<\/div>\n\t\t\t\t<\/div>\n\t\t\t\t<\/div>\n\t\t<div class=\"elementor-element elementor-element-0ebe922 e-con-full e-flex e-con e-child\" data-id=\"0ebe922\" data-element_type=\"container\" data-settings=\"{&quot;background_background&quot;:&quot;classic&quot;}\">\n\t\t\t\t<\/div>\n\t\t\t\t<\/div>\n\t\t<section class=\"elementor-element elementor-element-2228dcab e-con-full e-flex e-con e-child\" data-id=\"2228dcab\" data-element_type=\"container\" data-settings=\"{&quot;background_background&quot;:&quot;classic&quot;}\">\n\t\t\t\t<div class=\"elementor-element elementor-element-7011ef27 elementor-widget elementor-widget-button\" data-id=\"7011ef27\" data-element_type=\"widget\" data-widget_type=\"button.default\">\n\t\t\t\t<div class=\"elementor-widget-container\">\n\t\t\t\t\t\t\t\t\t<div class=\"elementor-button-wrapper\">\n\t\t\t\t\t<a class=\"elementor-button elementor-button-link elementor-size-sm\" href=\"#\">\n\t\t\t\t\t\t<span class=\"elementor-button-content-wrapper\">\n\t\t\t\t\t\t\t\t\t<span class=\"elementor-button-text\">Acc\u00e9der \u00e0 la boutique<\/span>\n\t\t\t\t\t<\/span>\n\t\t\t\t\t<\/a>\n\t\t\t\t<\/div>\n\t\t\t\t\t\t\t\t<\/div>\n\t\t\t\t<\/div>\n\t\t\t\t<\/section>\n\t\t\t\t<\/div>\n\t\t\t\t<\/div>","protected":false},"excerpt":{"rendered":"<p>V\u00e5ra material Ett barns kl\u00e4der ska t\u00e5la mycket, d\u00e4rf\u00f6r har vi valt material som g\u00f6r det m\u00f6jligt att leka, kl\u00e4ttra, [&hellip;]<\/p>","protected":false},"author":17,"featured_media":0,"parent":0,"menu_order":0,"comment_status":"closed","ping_status":"closed","template":"","meta":{"site-sidebar-layout":"default","site-content-layout":"","ast-site-content-layout":"default","site-content-style":"default","site-sidebar-style":"default","ast-global-header-display":"","ast-banner-title-visibility":"","ast-main-header-display":"","ast-hfb-above-header-display":"","ast-hfb-below-header-display":"","ast-hfb-mobile-header-display":"","site-post-title":"","ast-breadcrumbs-content":"","ast-featured-img":"","footer-sml-layout":"","ast-disable-related-posts":"","theme-transparent-header-meta":"","adv-header-id-meta":"","stick-header-meta":"","header-above-stick-meta":"","header-main-stick-meta":"","header-below-stick-meta":"","astra-migrate-meta-layouts":"default","ast-page-background-enabled":"default","ast-page-background-meta":{"desktop":{"background-color":"var(--ast-global-color-5)","background-image":"","background-repeat":"repeat","background-position":"center center","background-size":"auto","background-attachment":"scroll","background-type":"","background-media":"","overlay-type":"","overlay-color":"","overlay-opacity":"","overlay-gradient":""},"tablet":{"background-color":"","background-image":"","background-repeat":"repeat","background-position":"center center","background-size":"auto","background-attachment":"scroll","background-type":"","background-media":"","overlay-type":"","overlay-color":"","overlay-opacity":"","overlay-gradient":""},"mobile":{"background-color":"","background-image":"","background-repeat":"repeat","background-position":"center center","background-size":"auto","background-attachment":"scroll","background-type":"","background-media":"","overlay-type":"","overlay-color":"","overlay-opacity":"","overlay-gradient":""}},"ast-content-background-meta":{"desktop":{"background-color":"var(--ast-global-color-4)","background-image":"","background-repeat":"repeat","background-position":"center center","background-size":"auto","background-attachment":"scroll","background-type":"","background-media":"","overlay-type":"","overlay-color":"","overlay-opacity":"","overlay-gradient":""},"tablet":{"background-color":"var(--ast-global-color-4)","background-image":"","background-repeat":"repeat","background-position":"center center","background-size":"auto","background-attachment":"scroll","background-type":"","background-media":"","overlay-type":"","overlay-color":"","overlay-opacity":"","overlay-gradient":""},"mobile":{"background-color":"var(--ast-global-color-4)","background-image":"","background-repeat":"repeat","background-position":"center center","background-size":"auto","background-attachment":"scroll","background-type":"","background-media":"","overlay-type":"","overlay-color":"","overlay-opacity":"","overlay-gradient":""}},"footnotes":""},"class_list":["post-4092","page","type-page","status-publish","hentry"],"_links":{"self":[{"href":"https:\/\/skiddis.se\/fr\/wp-json\/wp\/v2\/pages\/4092","targetHints":{"allow":["GET"]}}],"collection":[{"href":"https:\/\/skiddis.se\/fr\/wp-json\/wp\/v2\/pages"}],"about":[{"href":"https:\/\/skiddis.se\/fr\/wp-json\/wp\/v2\/types\/page"}],"author":[{"embeddable":true,"href":"https:\/\/skiddis.se\/fr\/wp-json\/wp\/v2\/users\/17"}],"replies":[{"embeddable":true,"href":"https:\/\/skiddis.se\/fr\/wp-json\/wp\/v2\/comments?post=4092"}],"version-history":[{"count":40,"href":"https:\/\/skiddis.se\/fr\/wp-json\/wp\/v2\/pages\/4092\/revisions"}],"predecessor-version":[{"id":5386,"href":"https:\/\/skiddis.se\/fr\/wp-json\/wp\/v2\/pages\/4092\/revisions\/5386"}],"wp:attachment":[{"href":"https:\/\/skiddis.se\/fr\/wp-json\/wp\/v2\/media?parent=4092"}],"curies":[{"name":"wp","href":"https:\/\/api.w.org\/{rel}","templated":true}]}}